{"id":47,"date":"2021-05-23T07:15:21","date_gmt":"2021-05-23T05:15:21","guid":{"rendered":"https:\/\/pizzeriamargarita.pl\/new\/mragowo\/?page_id=47"},"modified":"2021-05-23T16:34:27","modified_gmt":"2021-05-23T14:34:27","slug":"dowoz-gratis","status":"publish","type":"page","link":"https:\/\/pizzeriamargarita.pl\/mragowo\/dowoz-gratis\/","title":{"rendered":"Dow\u00f3z GRATIS"},"content":{"rendered":"<p><span style=\"font-family: tahoma, arial, helvetica, sans-serif;\">Przy zam\u00f3wieniach powy\u017cej 20z\u0142 &#8211; Dostawa GRATIS na terenie Mr\u0105gowa.<\/span><\/p>\n","protected":false},"excerpt":{"rendered":"<p>Przy zam\u00f3wieniach powy\u017cej 20z\u0142 &#8211; Dostawa GRATIS na terenie Mr\u0105gowa.<\/p>\n","protected":false},"author":1,"featured_media":101,"parent":0,"menu_order":0,"comment_status":"closed","ping_status":"closed","template":"","meta":{"pgc_sgb_lightbox_settings":"","footnotes":""},"class_list":["post-47","page","type-page","status-publish","has-post-thumbnail","czr-hentry"],"yoast_head":"<!-- This site is optimized with the Yoast SEO plugin v26.7 - https:\/\/yoast.com\/wordpress\/plugins\/seo\/ -->\n<title>Dow\u00f3z GRATIS - Pizzeria Margarita Mr\u0105gowo<\/title>\n<meta name=\"robots\" content=\"index, follow, max-snippet:-1, max-image-preview:large, max-video-preview:-1\" \/>\n<link rel=\"canonical\" href=\"https:\/\/pizzeriamargarita.pl\/mragowo\/dowoz-gratis\/\" \/>\n<meta property=\"og:locale\" content=\"pl_PL\" \/>\n<meta property=\"og:type\" content=\"article\" \/>\n<meta property=\"og:title\" content=\"Dow\u00f3z GRATIS - Pizzeria Margarita Mr\u0105gowo\" \/>\n<meta property=\"og:description\" content=\"Przy zam\u00f3wieniach powy\u017cej 20z\u0142 &#8211; Dostawa GRATIS na terenie Mr\u0105gowa.\" \/>\n<meta property=\"og:url\" content=\"https:\/\/pizzeriamargarita.pl\/mragowo\/dowoz-gratis\/\" \/>\n<meta property=\"og:site_name\" content=\"Pizzeria Margarita Mr\u0105gowo\" \/>\n<meta property=\"article:modified_time\" content=\"2021-05-23T14:34:27+00:00\" \/>\n<meta property=\"og:image\" content=\"https:\/\/pizzeriamargarita.pl\/mragowo\/wp-content\/uploads\/2021\/05\/20210523_133636-scaled.jpg\" \/>\n\t<meta property=\"og:image:width\" content=\"2560\" \/>\n\t<meta property=\"og:image:height\" content=\"1920\" \/>\n\t<meta property=\"og:image:type\" content=\"image\/jpeg\" \/>\n<meta name=\"twitter:card\" content=\"summary_large_image\" \/>\n<meta name=\"twitter:label1\" content=\"Szacowany czas czytania\" \/>\n\t<meta name=\"twitter:data1\" content=\"1 minuta\" \/>\n<script type=\"application\/ld+json\" class=\"yoast-schema-graph\">{\"@context\":\"https:\/\/schema.org\",\"@graph\":[{\"@type\":\"WebPage\",\"@id\":\"https:\/\/pizzeriamargarita.pl\/mragowo\/dowoz-gratis\/\",\"url\":\"https:\/\/pizzeriamargarita.pl\/mragowo\/dowoz-gratis\/\",\"name\":\"Dow\u00f3z GRATIS - Pizzeria Margarita Mr\u0105gowo\",\"isPartOf\":{\"@id\":\"https:\/\/pizzeriamargarita.pl\/mragowo\/#website\"},\"primaryImageOfPage\":{\"@id\":\"https:\/\/pizzeriamargarita.pl\/mragowo\/dowoz-gratis\/#primaryimage\"},\"image\":{\"@id\":\"https:\/\/pizzeriamargarita.pl\/mragowo\/dowoz-gratis\/#primaryimage\"},\"thumbnailUrl\":\"https:\/\/pizzeriamargarita.pl\/mragowo\/wp-content\/uploads\/2021\/05\/20210523_133636-scaled.jpg\",\"datePublished\":\"2021-05-23T05:15:21+00:00\",\"dateModified\":\"2021-05-23T14:34:27+00:00\",\"breadcrumb\":{\"@id\":\"https:\/\/pizzeriamargarita.pl\/mragowo\/dowoz-gratis\/#breadcrumb\"},\"inLanguage\":\"pl-PL\",\"potentialAction\":[{\"@type\":\"ReadAction\",\"target\":[\"https:\/\/pizzeriamargarita.pl\/mragowo\/dowoz-gratis\/\"]}]},{\"@type\":\"ImageObject\",\"inLanguage\":\"pl-PL\",\"@id\":\"https:\/\/pizzeriamargarita.pl\/mragowo\/dowoz-gratis\/#primaryimage\",\"url\":\"https:\/\/pizzeriamargarita.pl\/mragowo\/wp-content\/uploads\/2021\/05\/20210523_133636-scaled.jpg\",\"contentUrl\":\"https:\/\/pizzeriamargarita.pl\/mragowo\/wp-content\/uploads\/2021\/05\/20210523_133636-scaled.jpg\",\"width\":2560,\"height\":1920},{\"@type\":\"BreadcrumbList\",\"@id\":\"https:\/\/pizzeriamargarita.pl\/mragowo\/dowoz-gratis\/#breadcrumb\",\"itemListElement\":[{\"@type\":\"ListItem\",\"position\":1,\"name\":\"Strona g\u0142\u00f3wna\",\"item\":\"https:\/\/pizzeriamargarita.pl\/mragowo\/\"},{\"@type\":\"ListItem\",\"position\":2,\"name\":\"Dow\u00f3z GRATIS\"}]},{\"@type\":\"WebSite\",\"@id\":\"https:\/\/pizzeriamargarita.pl\/mragowo\/#website\",\"url\":\"https:\/\/pizzeriamargarita.pl\/mragowo\/\",\"name\":\"Pizzeria Margarita Mr\u0105gowo\",\"description\":\"\",\"publisher\":{\"@id\":\"https:\/\/pizzeriamargarita.pl\/mragowo\/#organization\"},\"potentialAction\":[{\"@type\":\"SearchAction\",\"target\":{\"@type\":\"EntryPoint\",\"urlTemplate\":\"https:\/\/pizzeriamargarita.pl\/mragowo\/?s={search_term_string}\"},\"query-input\":{\"@type\":\"PropertyValueSpecification\",\"valueRequired\":true,\"valueName\":\"search_term_string\"}}],\"inLanguage\":\"pl-PL\"},{\"@type\":\"Organization\",\"@id\":\"https:\/\/pizzeriamargarita.pl\/mragowo\/#organization\",\"name\":\"Pizzeria Margarita Mr\u0105gowo\",\"url\":\"https:\/\/pizzeriamargarita.pl\/mragowo\/\",\"logo\":{\"@type\":\"ImageObject\",\"inLanguage\":\"pl-PL\",\"@id\":\"https:\/\/pizzeriamargarita.pl\/mragowo\/#\/schema\/logo\/image\/\",\"url\":\"https:\/\/pizzeriamargarita.pl\/mragowo\/wp-content\/uploads\/2021\/05\/cropped-Logo-pizzeria-czerwone-250x100-1.png\",\"contentUrl\":\"https:\/\/pizzeriamargarita.pl\/mragowo\/wp-content\/uploads\/2021\/05\/cropped-Logo-pizzeria-czerwone-250x100-1.png\",\"width\":250,\"height\":100,\"caption\":\"Pizzeria Margarita Mr\u0105gowo\"},\"image\":{\"@id\":\"https:\/\/pizzeriamargarita.pl\/mragowo\/#\/schema\/logo\/image\/\"}}]}<\/script>\n<!-- \/ Yoast SEO plugin. -->","yoast_head_json":{"title":"Dow\u00f3z GRATIS - Pizzeria Margarita Mr\u0105gowo","robots":{"index":"index","follow":"follow","max-snippet":"max-snippet:-1","max-image-preview":"max-image-preview:large","max-video-preview":"max-video-preview:-1"},"canonical":"https:\/\/pizzeriamargarita.pl\/mragowo\/dowoz-gratis\/","og_locale":"pl_PL","og_type":"article","og_title":"Dow\u00f3z GRATIS - Pizzeria Margarita Mr\u0105gowo","og_description":"Przy zam\u00f3wieniach powy\u017cej 20z\u0142 &#8211; Dostawa GRATIS na terenie Mr\u0105gowa.","og_url":"https:\/\/pizzeriamargarita.pl\/mragowo\/dowoz-gratis\/","og_site_name":"Pizzeria Margarita Mr\u0105gowo","article_modified_time":"2021-05-23T14:34:27+00:00","og_image":[{"width":2560,"height":1920,"url":"https:\/\/pizzeriamargarita.pl\/mragowo\/wp-content\/uploads\/2021\/05\/20210523_133636-scaled.jpg","type":"image\/jpeg"}],"twitter_card":"summary_large_image","twitter_misc":{"Szacowany czas czytania":"1 minuta"},"schema":{"@context":"https:\/\/schema.org","@graph":[{"@type":"WebPage","@id":"https:\/\/pizzeriamargarita.pl\/mragowo\/dowoz-gratis\/","url":"https:\/\/pizzeriamargarita.pl\/mragowo\/dowoz-gratis\/","name":"Dow\u00f3z GRATIS - Pizzeria Margarita Mr\u0105gowo","isPartOf":{"@id":"https:\/\/pizzeriamargarita.pl\/mragowo\/#website"},"primaryImageOfPage":{"@id":"https:\/\/pizzeriamargarita.pl\/mragowo\/dowoz-gratis\/#primaryimage"},"image":{"@id":"https:\/\/pizzeriamargarita.pl\/mragowo\/dowoz-gratis\/#primaryimage"},"thumbnailUrl":"https:\/\/pizzeriamargarita.pl\/mragowo\/wp-content\/uploads\/2021\/05\/20210523_133636-scaled.jpg","datePublished":"2021-05-23T05:15:21+00:00","dateModified":"2021-05-23T14:34:27+00:00","breadcrumb":{"@id":"https:\/\/pizzeriamargarita.pl\/mragowo\/dowoz-gratis\/#breadcrumb"},"inLanguage":"pl-PL","potentialAction":[{"@type":"ReadAction","target":["https:\/\/pizzeriamargarita.pl\/mragowo\/dowoz-gratis\/"]}]},{"@type":"ImageObject","inLanguage":"pl-PL","@id":"https:\/\/pizzeriamargarita.pl\/mragowo\/dowoz-gratis\/#primaryimage","url":"https:\/\/pizzeriamargarita.pl\/mragowo\/wp-content\/uploads\/2021\/05\/20210523_133636-scaled.jpg","contentUrl":"https:\/\/pizzeriamargarita.pl\/mragowo\/wp-content\/uploads\/2021\/05\/20210523_133636-scaled.jpg","width":2560,"height":1920},{"@type":"BreadcrumbList","@id":"https:\/\/pizzeriamargarita.pl\/mragowo\/dowoz-gratis\/#breadcrumb","itemListElement":[{"@type":"ListItem","position":1,"name":"Strona g\u0142\u00f3wna","item":"https:\/\/pizzeriamargarita.pl\/mragowo\/"},{"@type":"ListItem","position":2,"name":"Dow\u00f3z GRATIS"}]},{"@type":"WebSite","@id":"https:\/\/pizzeriamargarita.pl\/mragowo\/#website","url":"https:\/\/pizzeriamargarita.pl\/mragowo\/","name":"Pizzeria Margarita Mr\u0105gowo","description":"","publisher":{"@id":"https:\/\/pizzeriamargarita.pl\/mragowo\/#organization"},"potentialAction":[{"@type":"SearchAction","target":{"@type":"EntryPoint","urlTemplate":"https:\/\/pizzeriamargarita.pl\/mragowo\/?s={search_term_string}"},"query-input":{"@type":"PropertyValueSpecification","valueRequired":true,"valueName":"search_term_string"}}],"inLanguage":"pl-PL"},{"@type":"Organization","@id":"https:\/\/pizzeriamargarita.pl\/mragowo\/#organization","name":"Pizzeria Margarita Mr\u0105gowo","url":"https:\/\/pizzeriamargarita.pl\/mragowo\/","logo":{"@type":"ImageObject","inLanguage":"pl-PL","@id":"https:\/\/pizzeriamargarita.pl\/mragowo\/#\/schema\/logo\/image\/","url":"https:\/\/pizzeriamargarita.pl\/mragowo\/wp-content\/uploads\/2021\/05\/cropped-Logo-pizzeria-czerwone-250x100-1.png","contentUrl":"https:\/\/pizzeriamargarita.pl\/mragowo\/wp-content\/uploads\/2021\/05\/cropped-Logo-pizzeria-czerwone-250x100-1.png","width":250,"height":100,"caption":"Pizzeria Margarita Mr\u0105gowo"},"image":{"@id":"https:\/\/pizzeriamargarita.pl\/mragowo\/#\/schema\/logo\/image\/"}}]}},"_links":{"self":[{"href":"https:\/\/pizzeriamargarita.pl\/mragowo\/wp-json\/wp\/v2\/pages\/47","targetHints":{"allow":["GET"]}}],"collection":[{"href":"https:\/\/pizzeriamargarita.pl\/mragowo\/wp-json\/wp\/v2\/pages"}],"about":[{"href":"https:\/\/pizzeriamargarita.pl\/mragowo\/wp-json\/wp\/v2\/types\/page"}],"author":[{"embeddable":true,"href":"https:\/\/pizzeriamargarita.pl\/mragowo\/wp-json\/wp\/v2\/users\/1"}],"replies":[{"embeddable":true,"href":"https:\/\/pizzeriamargarita.pl\/mragowo\/wp-json\/wp\/v2\/comments?post=47"}],"version-history":[{"count":3,"href":"https:\/\/pizzeriamargarita.pl\/mragowo\/wp-json\/wp\/v2\/pages\/47\/revisions"}],"predecessor-version":[{"id":56,"href":"https:\/\/pizzeriamargarita.pl\/mragowo\/wp-json\/wp\/v2\/pages\/47\/revisions\/56"}],"wp:featuredmedia":[{"embeddable":true,"href":"https:\/\/pizzeriamargarita.pl\/mragowo\/wp-json\/wp\/v2\/media\/101"}],"wp:attachment":[{"href":"https:\/\/pizzeriamargarita.pl\/mragowo\/wp-json\/wp\/v2\/media?parent=47"}],"curies":[{"name":"wp","href":"https:\/\/api.w.org\/{rel}","templated":true}]}}