{"id":43,"date":"2021-05-26T19:37:47","date_gmt":"2021-05-26T17:37:47","guid":{"rendered":"https:\/\/pizzeriamargarita.pl\/mikolajki\/?page_id=43"},"modified":"2021-05-26T19:37:47","modified_gmt":"2021-05-26T17:37:47","slug":"10-pizza-za-1-zl","status":"publish","type":"page","link":"https:\/\/pizzeriamargarita.pl\/mikolajki\/10-pizza-za-1-zl\/","title":{"rendered":"10 pizza za 1 z\u0142"},"content":{"rendered":"<h3 style=\"text-align: center;\">10 pizza za 1z\u0142<\/h3>\n<p style=\"text-align: center;\"><span style=\"font-family: tahoma, arial, helvetica, sans-serif;\">Podczas zamawiania pizzy dostaniesz od nas kupon, na ka\u017cd\u0105 zam\u00f3wion\u0105 pizz\u0119. <\/span><\/p>\n<p style=\"text-align: center;\"><span style=\"font-family: tahoma, arial, helvetica, sans-serif;\">Poinformuj kelnerk\u0119 przy kasie lub sk\u0142adaj\u0105c zam\u00f3wienie telefonicznie \u017ce posiadasz kupony zni\u017ckowe. <\/span><\/p>\n<p style=\"text-align: center;\"><span style=\"font-family: tahoma, arial, helvetica, sans-serif;\">10 pizza za 1z\u0142<\/span><\/p>\n","protected":false},"excerpt":{"rendered":"<p>10 pizza za 1z\u0142 Podczas zamawiania pizzy dostaniesz od nas kupon, na ka\u017cd\u0105 zam\u00f3wion\u0105 pizz\u0119. Poinformuj kelnerk\u0119 przy kasie lub sk\u0142adaj\u0105c zam\u00f3wienie telefonicznie \u017ce posiadasz kupony zni\u017ckowe. 10 pizza za 1z\u0142<\/p>\n","protected":false},"author":1,"featured_media":44,"parent":0,"menu_order":0,"comment_status":"closed","ping_status":"closed","template":"","meta":{"pgc_sgb_lightbox_settings":"","footnotes":""},"class_list":["post-43","page","type-page","status-publish","has-post-thumbnail","czr-hentry"],"yoast_head":"<!-- This site is optimized with the Yoast SEO plugin v25.0 - https:\/\/yoast.com\/wordpress\/plugins\/seo\/ -->\n<title>10 pizza za 1 z\u0142 - Pizzeria Margarita Miko\u0142ajki<\/title>\n<meta name=\"robots\" content=\"index, follow, max-snippet:-1, max-image-preview:large, max-video-preview:-1\" \/>\n<link rel=\"canonical\" href=\"https:\/\/pizzeriamargarita.pl\/mikolajki\/10-pizza-za-1-zl\/\" \/>\n<meta property=\"og:locale\" content=\"pl_PL\" \/>\n<meta property=\"og:type\" content=\"article\" \/>\n<meta property=\"og:title\" content=\"10 pizza za 1 z\u0142 - Pizzeria Margarita Miko\u0142ajki\" \/>\n<meta property=\"og:description\" content=\"10 pizza za 1z\u0142 Podczas zamawiania pizzy dostaniesz od nas kupon, na ka\u017cd\u0105 zam\u00f3wion\u0105 pizz\u0119. Poinformuj kelnerk\u0119 przy kasie lub sk\u0142adaj\u0105c zam\u00f3wienie telefonicznie \u017ce posiadasz kupony zni\u017ckowe. 10 pizza za 1z\u0142\" \/>\n<meta property=\"og:url\" content=\"https:\/\/pizzeriamargarita.pl\/mikolajki\/10-pizza-za-1-zl\/\" \/>\n<meta property=\"og:site_name\" content=\"Pizzeria Margarita Miko\u0142ajki\" \/>\n<meta property=\"og:image\" content=\"https:\/\/pizzeriamargarita.pl\/mikolajki\/wp-content\/uploads\/2021\/05\/pizza-3007395_1920.jpg\" \/>\n\t<meta property=\"og:image:width\" content=\"1920\" \/>\n\t<meta property=\"og:image:height\" content=\"1280\" \/>\n\t<meta property=\"og:image:type\" content=\"image\/jpeg\" \/>\n<meta name=\"twitter:card\" content=\"summary_large_image\" \/>\n<meta name=\"twitter:label1\" content=\"Szacowany czas czytania\" \/>\n\t<meta name=\"twitter:data1\" content=\"1 minuta\" \/>\n<script type=\"application\/ld+json\" class=\"yoast-schema-graph\">{\"@context\":\"https:\/\/schema.org\",\"@graph\":[{\"@type\":\"WebPage\",\"@id\":\"https:\/\/pizzeriamargarita.pl\/mikolajki\/10-pizza-za-1-zl\/\",\"url\":\"https:\/\/pizzeriamargarita.pl\/mikolajki\/10-pizza-za-1-zl\/\",\"name\":\"10 pizza za 1 z\u0142 - Pizzeria Margarita Miko\u0142ajki\",\"isPartOf\":{\"@id\":\"https:\/\/pizzeriamargarita.pl\/mikolajki\/#website\"},\"primaryImageOfPage\":{\"@id\":\"https:\/\/pizzeriamargarita.pl\/mikolajki\/10-pizza-za-1-zl\/#primaryimage\"},\"image\":{\"@id\":\"https:\/\/pizzeriamargarita.pl\/mikolajki\/10-pizza-za-1-zl\/#primaryimage\"},\"thumbnailUrl\":\"https:\/\/pizzeriamargarita.pl\/mikolajki\/wp-content\/uploads\/2021\/05\/pizza-3007395_1920.jpg\",\"datePublished\":\"2021-05-26T17:37:47+00:00\",\"breadcrumb\":{\"@id\":\"https:\/\/pizzeriamargarita.pl\/mikolajki\/10-pizza-za-1-zl\/#breadcrumb\"},\"inLanguage\":\"pl-PL\",\"potentialAction\":[{\"@type\":\"ReadAction\",\"target\":[\"https:\/\/pizzeriamargarita.pl\/mikolajki\/10-pizza-za-1-zl\/\"]}]},{\"@type\":\"ImageObject\",\"inLanguage\":\"pl-PL\",\"@id\":\"https:\/\/pizzeriamargarita.pl\/mikolajki\/10-pizza-za-1-zl\/#primaryimage\",\"url\":\"https:\/\/pizzeriamargarita.pl\/mikolajki\/wp-content\/uploads\/2021\/05\/pizza-3007395_1920.jpg\",\"contentUrl\":\"https:\/\/pizzeriamargarita.pl\/mikolajki\/wp-content\/uploads\/2021\/05\/pizza-3007395_1920.jpg\",\"width\":1920,\"height\":1280},{\"@type\":\"BreadcrumbList\",\"@id\":\"https:\/\/pizzeriamargarita.pl\/mikolajki\/10-pizza-za-1-zl\/#breadcrumb\",\"itemListElement\":[{\"@type\":\"ListItem\",\"position\":1,\"name\":\"Strona g\u0142\u00f3wna\",\"item\":\"https:\/\/pizzeriamargarita.pl\/mikolajki\/\"},{\"@type\":\"ListItem\",\"position\":2,\"name\":\"10 pizza za 1 z\u0142\"}]},{\"@type\":\"WebSite\",\"@id\":\"https:\/\/pizzeriamargarita.pl\/mikolajki\/#website\",\"url\":\"https:\/\/pizzeriamargarita.pl\/mikolajki\/\",\"name\":\"Pizzeria Margarita Miko\u0142ajki\",\"description\":\"\",\"publisher\":{\"@id\":\"https:\/\/pizzeriamargarita.pl\/mikolajki\/#organization\"},\"potentialAction\":[{\"@type\":\"SearchAction\",\"target\":{\"@type\":\"EntryPoint\",\"urlTemplate\":\"https:\/\/pizzeriamargarita.pl\/mikolajki\/?s={search_term_string}\"},\"query-input\":{\"@type\":\"PropertyValueSpecification\",\"valueRequired\":true,\"valueName\":\"search_term_string\"}}],\"inLanguage\":\"pl-PL\"},{\"@type\":\"Organization\",\"@id\":\"https:\/\/pizzeriamargarita.pl\/mikolajki\/#organization\",\"name\":\"Pizzeria Margarita Miko\u0142ajki\",\"url\":\"https:\/\/pizzeriamargarita.pl\/mikolajki\/\",\"logo\":{\"@type\":\"ImageObject\",\"inLanguage\":\"pl-PL\",\"@id\":\"https:\/\/pizzeriamargarita.pl\/mikolajki\/#\/schema\/logo\/image\/\",\"url\":\"https:\/\/pizzeriamargarita.pl\/mikolajki\/wp-content\/uploads\/2021\/05\/cropped-Logo-pizzeria-czerwone-250x100-1.png\",\"contentUrl\":\"https:\/\/pizzeriamargarita.pl\/mikolajki\/wp-content\/uploads\/2021\/05\/cropped-Logo-pizzeria-czerwone-250x100-1.png\",\"width\":250,\"height\":100,\"caption\":\"Pizzeria Margarita Miko\u0142ajki\"},\"image\":{\"@id\":\"https:\/\/pizzeriamargarita.pl\/mikolajki\/#\/schema\/logo\/image\/\"}}]}<\/script>\n<!-- \/ Yoast SEO plugin. -->","yoast_head_json":{"title":"10 pizza za 1 z\u0142 - Pizzeria Margarita Miko\u0142ajki","robots":{"index":"index","follow":"follow","max-snippet":"max-snippet:-1","max-image-preview":"max-image-preview:large","max-video-preview":"max-video-preview:-1"},"canonical":"https:\/\/pizzeriamargarita.pl\/mikolajki\/10-pizza-za-1-zl\/","og_locale":"pl_PL","og_type":"article","og_title":"10 pizza za 1 z\u0142 - Pizzeria Margarita Miko\u0142ajki","og_description":"10 pizza za 1z\u0142 Podczas zamawiania pizzy dostaniesz od nas kupon, na ka\u017cd\u0105 zam\u00f3wion\u0105 pizz\u0119. Poinformuj kelnerk\u0119 przy kasie lub sk\u0142adaj\u0105c zam\u00f3wienie telefonicznie \u017ce posiadasz kupony zni\u017ckowe. 10 pizza za 1z\u0142","og_url":"https:\/\/pizzeriamargarita.pl\/mikolajki\/10-pizza-za-1-zl\/","og_site_name":"Pizzeria Margarita Miko\u0142ajki","og_image":[{"width":1920,"height":1280,"url":"https:\/\/pizzeriamargarita.pl\/mikolajki\/wp-content\/uploads\/2021\/05\/pizza-3007395_1920.jpg","type":"image\/jpeg"}],"twitter_card":"summary_large_image","twitter_misc":{"Szacowany czas czytania":"1 minuta"},"schema":{"@context":"https:\/\/schema.org","@graph":[{"@type":"WebPage","@id":"https:\/\/pizzeriamargarita.pl\/mikolajki\/10-pizza-za-1-zl\/","url":"https:\/\/pizzeriamargarita.pl\/mikolajki\/10-pizza-za-1-zl\/","name":"10 pizza za 1 z\u0142 - Pizzeria Margarita Miko\u0142ajki","isPartOf":{"@id":"https:\/\/pizzeriamargarita.pl\/mikolajki\/#website"},"primaryImageOfPage":{"@id":"https:\/\/pizzeriamargarita.pl\/mikolajki\/10-pizza-za-1-zl\/#primaryimage"},"image":{"@id":"https:\/\/pizzeriamargarita.pl\/mikolajki\/10-pizza-za-1-zl\/#primaryimage"},"thumbnailUrl":"https:\/\/pizzeriamargarita.pl\/mikolajki\/wp-content\/uploads\/2021\/05\/pizza-3007395_1920.jpg","datePublished":"2021-05-26T17:37:47+00:00","breadcrumb":{"@id":"https:\/\/pizzeriamargarita.pl\/mikolajki\/10-pizza-za-1-zl\/#breadcrumb"},"inLanguage":"pl-PL","potentialAction":[{"@type":"ReadAction","target":["https:\/\/pizzeriamargarita.pl\/mikolajki\/10-pizza-za-1-zl\/"]}]},{"@type":"ImageObject","inLanguage":"pl-PL","@id":"https:\/\/pizzeriamargarita.pl\/mikolajki\/10-pizza-za-1-zl\/#primaryimage","url":"https:\/\/pizzeriamargarita.pl\/mikolajki\/wp-content\/uploads\/2021\/05\/pizza-3007395_1920.jpg","contentUrl":"https:\/\/pizzeriamargarita.pl\/mikolajki\/wp-content\/uploads\/2021\/05\/pizza-3007395_1920.jpg","width":1920,"height":1280},{"@type":"BreadcrumbList","@id":"https:\/\/pizzeriamargarita.pl\/mikolajki\/10-pizza-za-1-zl\/#breadcrumb","itemListElement":[{"@type":"ListItem","position":1,"name":"Strona g\u0142\u00f3wna","item":"https:\/\/pizzeriamargarita.pl\/mikolajki\/"},{"@type":"ListItem","position":2,"name":"10 pizza za 1 z\u0142"}]},{"@type":"WebSite","@id":"https:\/\/pizzeriamargarita.pl\/mikolajki\/#website","url":"https:\/\/pizzeriamargarita.pl\/mikolajki\/","name":"Pizzeria Margarita Miko\u0142ajki","description":"","publisher":{"@id":"https:\/\/pizzeriamargarita.pl\/mikolajki\/#organization"},"potentialAction":[{"@type":"SearchAction","target":{"@type":"EntryPoint","urlTemplate":"https:\/\/pizzeriamargarita.pl\/mikolajki\/?s={search_term_string}"},"query-input":{"@type":"PropertyValueSpecification","valueRequired":true,"valueName":"search_term_string"}}],"inLanguage":"pl-PL"},{"@type":"Organization","@id":"https:\/\/pizzeriamargarita.pl\/mikolajki\/#organization","name":"Pizzeria Margarita Miko\u0142ajki","url":"https:\/\/pizzeriamargarita.pl\/mikolajki\/","logo":{"@type":"ImageObject","inLanguage":"pl-PL","@id":"https:\/\/pizzeriamargarita.pl\/mikolajki\/#\/schema\/logo\/image\/","url":"https:\/\/pizzeriamargarita.pl\/mikolajki\/wp-content\/uploads\/2021\/05\/cropped-Logo-pizzeria-czerwone-250x100-1.png","contentUrl":"https:\/\/pizzeriamargarita.pl\/mikolajki\/wp-content\/uploads\/2021\/05\/cropped-Logo-pizzeria-czerwone-250x100-1.png","width":250,"height":100,"caption":"Pizzeria Margarita Miko\u0142ajki"},"image":{"@id":"https:\/\/pizzeriamargarita.pl\/mikolajki\/#\/schema\/logo\/image\/"}}]}},"_links":{"self":[{"href":"https:\/\/pizzeriamargarita.pl\/mikolajki\/wp-json\/wp\/v2\/pages\/43","targetHints":{"allow":["GET"]}}],"collection":[{"href":"https:\/\/pizzeriamargarita.pl\/mikolajki\/wp-json\/wp\/v2\/pages"}],"about":[{"href":"https:\/\/pizzeriamargarita.pl\/mikolajki\/wp-json\/wp\/v2\/types\/page"}],"author":[{"embeddable":true,"href":"https:\/\/pizzeriamargarita.pl\/mikolajki\/wp-json\/wp\/v2\/users\/1"}],"replies":[{"embeddable":true,"href":"https:\/\/pizzeriamargarita.pl\/mikolajki\/wp-json\/wp\/v2\/comments?post=43"}],"version-history":[{"count":1,"href":"https:\/\/pizzeriamargarita.pl\/mikolajki\/wp-json\/wp\/v2\/pages\/43\/revisions"}],"predecessor-version":[{"id":45,"href":"https:\/\/pizzeriamargarita.pl\/mikolajki\/wp-json\/wp\/v2\/pages\/43\/revisions\/45"}],"wp:featuredmedia":[{"embeddable":true,"href":"https:\/\/pizzeriamargarita.pl\/mikolajki\/wp-json\/wp\/v2\/media\/44"}],"wp:attachment":[{"href":"https:\/\/pizzeriamargarita.pl\/mikolajki\/wp-json\/wp\/v2\/media?parent=43"}],"curies":[{"name":"wp","href":"https:\/\/api.w.org\/{rel}","templated":true}]}}