{"id":25,"date":"2021-05-26T19:22:23","date_gmt":"2021-05-26T17:22:23","guid":{"rendered":"https:\/\/pizzeriamargarita.pl\/mikolajki\/?page_id=25"},"modified":"2021-05-26T19:22:23","modified_gmt":"2021-05-26T17:22:23","slug":"wloskie-skladniki","status":"publish","type":"page","link":"https:\/\/pizzeriamargarita.pl\/mikolajki\/wloskie-skladniki\/","title":{"rendered":"W\u0142oskie sk\u0142adniki"},"content":{"rendered":"<h3 style=\"text-align: center;\">W\u0142oski sk\u0142adniki<\/h3>\n<p style=\"text-align: center;\"><span style=\"font-family: tahoma, arial, helvetica, sans-serif;\">Zmieniamy si\u0119 dla Was, u Nas w\u0142oskie produkty, kt\u00f3re znajdziecie na pizzy: salami, boczek, szynka cotto i szynka prosciutto, m\u0105ka do pizzy tylko prawdziwa w\u0142oska. <\/span><\/p>\n<p style=\"text-align: center;\"><span style=\"font-family: tahoma, arial, helvetica, sans-serif;\">Spr\u00f3bujcie ju\u017c teraz &#8230;<\/span><\/p>\n","protected":false},"excerpt":{"rendered":"<p>W\u0142oski sk\u0142adniki Zmieniamy si\u0119 dla Was, u Nas w\u0142oskie produkty, kt\u00f3re znajdziecie na pizzy: salami, boczek, szynka cotto i szynka prosciutto, m\u0105ka do pizzy tylko prawdziwa w\u0142oska. Spr\u00f3bujcie ju\u017c teraz &#8230;<\/p>\n","protected":false},"author":1,"featured_media":26,"parent":0,"menu_order":0,"comment_status":"closed","ping_status":"closed","template":"","meta":{"pgc_sgb_lightbox_settings":"","footnotes":""},"class_list":["post-25","page","type-page","status-publish","has-post-thumbnail","czr-hentry"],"yoast_head":"<!-- This site is optimized with the Yoast SEO plugin v25.0 - https:\/\/yoast.com\/wordpress\/plugins\/seo\/ -->\n<title>W\u0142oskie sk\u0142adniki - Pizzeria Margarita Miko\u0142ajki<\/title>\n<meta name=\"robots\" content=\"index, follow, max-snippet:-1, max-image-preview:large, max-video-preview:-1\" \/>\n<link rel=\"canonical\" href=\"https:\/\/pizzeriamargarita.pl\/mikolajki\/wloskie-skladniki\/\" \/>\n<meta property=\"og:locale\" content=\"pl_PL\" \/>\n<meta property=\"og:type\" content=\"article\" \/>\n<meta property=\"og:title\" content=\"W\u0142oskie sk\u0142adniki - Pizzeria Margarita Miko\u0142ajki\" \/>\n<meta property=\"og:description\" content=\"W\u0142oski sk\u0142adniki Zmieniamy si\u0119 dla Was, u Nas w\u0142oskie produkty, kt\u00f3re znajdziecie na pizzy: salami, boczek, szynka cotto i szynka prosciutto, m\u0105ka do pizzy tylko prawdziwa w\u0142oska. Spr\u00f3bujcie ju\u017c teraz &#8230;\" \/>\n<meta property=\"og:url\" content=\"https:\/\/pizzeriamargarita.pl\/mikolajki\/wloskie-skladniki\/\" \/>\n<meta property=\"og:site_name\" content=\"Pizzeria Margarita Miko\u0142ajki\" \/>\n<meta property=\"og:image\" content=\"https:\/\/pizzeriamargarita.pl\/mikolajki\/wp-content\/uploads\/2021\/05\/155047774_5165508593520402_8194502011751185493_n.jpg\" \/>\n\t<meta property=\"og:image:width\" content=\"2016\" \/>\n\t<meta property=\"og:image:height\" content=\"1512\" \/>\n\t<meta property=\"og:image:type\" content=\"image\/jpeg\" \/>\n<meta name=\"twitter:card\" content=\"summary_large_image\" \/>\n<meta name=\"twitter:label1\" content=\"Szacowany czas czytania\" \/>\n\t<meta name=\"twitter:data1\" content=\"1 minuta\" \/>\n<script type=\"application\/ld+json\" class=\"yoast-schema-graph\">{\"@context\":\"https:\/\/schema.org\",\"@graph\":[{\"@type\":\"WebPage\",\"@id\":\"https:\/\/pizzeriamargarita.pl\/mikolajki\/wloskie-skladniki\/\",\"url\":\"https:\/\/pizzeriamargarita.pl\/mikolajki\/wloskie-skladniki\/\",\"name\":\"W\u0142oskie sk\u0142adniki - Pizzeria Margarita Miko\u0142ajki\",\"isPartOf\":{\"@id\":\"https:\/\/pizzeriamargarita.pl\/mikolajki\/#website\"},\"primaryImageOfPage\":{\"@id\":\"https:\/\/pizzeriamargarita.pl\/mikolajki\/wloskie-skladniki\/#primaryimage\"},\"image\":{\"@id\":\"https:\/\/pizzeriamargarita.pl\/mikolajki\/wloskie-skladniki\/#primaryimage\"},\"thumbnailUrl\":\"https:\/\/pizzeriamargarita.pl\/mikolajki\/wp-content\/uploads\/2021\/05\/155047774_5165508593520402_8194502011751185493_n.jpg\",\"datePublished\":\"2021-05-26T17:22:23+00:00\",\"breadcrumb\":{\"@id\":\"https:\/\/pizzeriamargarita.pl\/mikolajki\/wloskie-skladniki\/#breadcrumb\"},\"inLanguage\":\"pl-PL\",\"potentialAction\":[{\"@type\":\"ReadAction\",\"target\":[\"https:\/\/pizzeriamargarita.pl\/mikolajki\/wloskie-skladniki\/\"]}]},{\"@type\":\"ImageObject\",\"inLanguage\":\"pl-PL\",\"@id\":\"https:\/\/pizzeriamargarita.pl\/mikolajki\/wloskie-skladniki\/#primaryimage\",\"url\":\"https:\/\/pizzeriamargarita.pl\/mikolajki\/wp-content\/uploads\/2021\/05\/155047774_5165508593520402_8194502011751185493_n.jpg\",\"contentUrl\":\"https:\/\/pizzeriamargarita.pl\/mikolajki\/wp-content\/uploads\/2021\/05\/155047774_5165508593520402_8194502011751185493_n.jpg\",\"width\":2016,\"height\":1512},{\"@type\":\"BreadcrumbList\",\"@id\":\"https:\/\/pizzeriamargarita.pl\/mikolajki\/wloskie-skladniki\/#breadcrumb\",\"itemListElement\":[{\"@type\":\"ListItem\",\"position\":1,\"name\":\"Strona g\u0142\u00f3wna\",\"item\":\"https:\/\/pizzeriamargarita.pl\/mikolajki\/\"},{\"@type\":\"ListItem\",\"position\":2,\"name\":\"W\u0142oskie sk\u0142adniki\"}]},{\"@type\":\"WebSite\",\"@id\":\"https:\/\/pizzeriamargarita.pl\/mikolajki\/#website\",\"url\":\"https:\/\/pizzeriamargarita.pl\/mikolajki\/\",\"name\":\"Pizzeria Margarita Miko\u0142ajki\",\"description\":\"\",\"publisher\":{\"@id\":\"https:\/\/pizzeriamargarita.pl\/mikolajki\/#organization\"},\"potentialAction\":[{\"@type\":\"SearchAction\",\"target\":{\"@type\":\"EntryPoint\",\"urlTemplate\":\"https:\/\/pizzeriamargarita.pl\/mikolajki\/?s={search_term_string}\"},\"query-input\":{\"@type\":\"PropertyValueSpecification\",\"valueRequired\":true,\"valueName\":\"search_term_string\"}}],\"inLanguage\":\"pl-PL\"},{\"@type\":\"Organization\",\"@id\":\"https:\/\/pizzeriamargarita.pl\/mikolajki\/#organization\",\"name\":\"Pizzeria Margarita Miko\u0142ajki\",\"url\":\"https:\/\/pizzeriamargarita.pl\/mikolajki\/\",\"logo\":{\"@type\":\"ImageObject\",\"inLanguage\":\"pl-PL\",\"@id\":\"https:\/\/pizzeriamargarita.pl\/mikolajki\/#\/schema\/logo\/image\/\",\"url\":\"https:\/\/pizzeriamargarita.pl\/mikolajki\/wp-content\/uploads\/2021\/05\/cropped-Logo-pizzeria-czerwone-250x100-1.png\",\"contentUrl\":\"https:\/\/pizzeriamargarita.pl\/mikolajki\/wp-content\/uploads\/2021\/05\/cropped-Logo-pizzeria-czerwone-250x100-1.png\",\"width\":250,\"height\":100,\"caption\":\"Pizzeria Margarita Miko\u0142ajki\"},\"image\":{\"@id\":\"https:\/\/pizzeriamargarita.pl\/mikolajki\/#\/schema\/logo\/image\/\"}}]}<\/script>\n<!-- \/ Yoast SEO plugin. -->","yoast_head_json":{"title":"W\u0142oskie sk\u0142adniki - Pizzeria Margarita Miko\u0142ajki","robots":{"index":"index","follow":"follow","max-snippet":"max-snippet:-1","max-image-preview":"max-image-preview:large","max-video-preview":"max-video-preview:-1"},"canonical":"https:\/\/pizzeriamargarita.pl\/mikolajki\/wloskie-skladniki\/","og_locale":"pl_PL","og_type":"article","og_title":"W\u0142oskie sk\u0142adniki - Pizzeria Margarita Miko\u0142ajki","og_description":"W\u0142oski sk\u0142adniki Zmieniamy si\u0119 dla Was, u Nas w\u0142oskie produkty, kt\u00f3re znajdziecie na pizzy: salami, boczek, szynka cotto i szynka prosciutto, m\u0105ka do pizzy tylko prawdziwa w\u0142oska. Spr\u00f3bujcie ju\u017c teraz &#8230;","og_url":"https:\/\/pizzeriamargarita.pl\/mikolajki\/wloskie-skladniki\/","og_site_name":"Pizzeria Margarita Miko\u0142ajki","og_image":[{"width":2016,"height":1512,"url":"https:\/\/pizzeriamargarita.pl\/mikolajki\/wp-content\/uploads\/2021\/05\/155047774_5165508593520402_8194502011751185493_n.jpg","type":"image\/jpeg"}],"twitter_card":"summary_large_image","twitter_misc":{"Szacowany czas czytania":"1 minuta"},"schema":{"@context":"https:\/\/schema.org","@graph":[{"@type":"WebPage","@id":"https:\/\/pizzeriamargarita.pl\/mikolajki\/wloskie-skladniki\/","url":"https:\/\/pizzeriamargarita.pl\/mikolajki\/wloskie-skladniki\/","name":"W\u0142oskie sk\u0142adniki - Pizzeria Margarita Miko\u0142ajki","isPartOf":{"@id":"https:\/\/pizzeriamargarita.pl\/mikolajki\/#website"},"primaryImageOfPage":{"@id":"https:\/\/pizzeriamargarita.pl\/mikolajki\/wloskie-skladniki\/#primaryimage"},"image":{"@id":"https:\/\/pizzeriamargarita.pl\/mikolajki\/wloskie-skladniki\/#primaryimage"},"thumbnailUrl":"https:\/\/pizzeriamargarita.pl\/mikolajki\/wp-content\/uploads\/2021\/05\/155047774_5165508593520402_8194502011751185493_n.jpg","datePublished":"2021-05-26T17:22:23+00:00","breadcrumb":{"@id":"https:\/\/pizzeriamargarita.pl\/mikolajki\/wloskie-skladniki\/#breadcrumb"},"inLanguage":"pl-PL","potentialAction":[{"@type":"ReadAction","target":["https:\/\/pizzeriamargarita.pl\/mikolajki\/wloskie-skladniki\/"]}]},{"@type":"ImageObject","inLanguage":"pl-PL","@id":"https:\/\/pizzeriamargarita.pl\/mikolajki\/wloskie-skladniki\/#primaryimage","url":"https:\/\/pizzeriamargarita.pl\/mikolajki\/wp-content\/uploads\/2021\/05\/155047774_5165508593520402_8194502011751185493_n.jpg","contentUrl":"https:\/\/pizzeriamargarita.pl\/mikolajki\/wp-content\/uploads\/2021\/05\/155047774_5165508593520402_8194502011751185493_n.jpg","width":2016,"height":1512},{"@type":"BreadcrumbList","@id":"https:\/\/pizzeriamargarita.pl\/mikolajki\/wloskie-skladniki\/#breadcrumb","itemListElement":[{"@type":"ListItem","position":1,"name":"Strona g\u0142\u00f3wna","item":"https:\/\/pizzeriamargarita.pl\/mikolajki\/"},{"@type":"ListItem","position":2,"name":"W\u0142oskie sk\u0142adniki"}]},{"@type":"WebSite","@id":"https:\/\/pizzeriamargarita.pl\/mikolajki\/#website","url":"https:\/\/pizzeriamargarita.pl\/mikolajki\/","name":"Pizzeria Margarita Miko\u0142ajki","description":"","publisher":{"@id":"https:\/\/pizzeriamargarita.pl\/mikolajki\/#organization"},"potentialAction":[{"@type":"SearchAction","target":{"@type":"EntryPoint","urlTemplate":"https:\/\/pizzeriamargarita.pl\/mikolajki\/?s={search_term_string}"},"query-input":{"@type":"PropertyValueSpecification","valueRequired":true,"valueName":"search_term_string"}}],"inLanguage":"pl-PL"},{"@type":"Organization","@id":"https:\/\/pizzeriamargarita.pl\/mikolajki\/#organization","name":"Pizzeria Margarita Miko\u0142ajki","url":"https:\/\/pizzeriamargarita.pl\/mikolajki\/","logo":{"@type":"ImageObject","inLanguage":"pl-PL","@id":"https:\/\/pizzeriamargarita.pl\/mikolajki\/#\/schema\/logo\/image\/","url":"https:\/\/pizzeriamargarita.pl\/mikolajki\/wp-content\/uploads\/2021\/05\/cropped-Logo-pizzeria-czerwone-250x100-1.png","contentUrl":"https:\/\/pizzeriamargarita.pl\/mikolajki\/wp-content\/uploads\/2021\/05\/cropped-Logo-pizzeria-czerwone-250x100-1.png","width":250,"height":100,"caption":"Pizzeria Margarita Miko\u0142ajki"},"image":{"@id":"https:\/\/pizzeriamargarita.pl\/mikolajki\/#\/schema\/logo\/image\/"}}]}},"_links":{"self":[{"href":"https:\/\/pizzeriamargarita.pl\/mikolajki\/wp-json\/wp\/v2\/pages\/25","targetHints":{"allow":["GET"]}}],"collection":[{"href":"https:\/\/pizzeriamargarita.pl\/mikolajki\/wp-json\/wp\/v2\/pages"}],"about":[{"href":"https:\/\/pizzeriamargarita.pl\/mikolajki\/wp-json\/wp\/v2\/types\/page"}],"author":[{"embeddable":true,"href":"https:\/\/pizzeriamargarita.pl\/mikolajki\/wp-json\/wp\/v2\/users\/1"}],"replies":[{"embeddable":true,"href":"https:\/\/pizzeriamargarita.pl\/mikolajki\/wp-json\/wp\/v2\/comments?post=25"}],"version-history":[{"count":1,"href":"https:\/\/pizzeriamargarita.pl\/mikolajki\/wp-json\/wp\/v2\/pages\/25\/revisions"}],"predecessor-version":[{"id":27,"href":"https:\/\/pizzeriamargarita.pl\/mikolajki\/wp-json\/wp\/v2\/pages\/25\/revisions\/27"}],"wp:featuredmedia":[{"embeddable":true,"href":"https:\/\/pizzeriamargarita.pl\/mikolajki\/wp-json\/wp\/v2\/media\/26"}],"wp:attachment":[{"href":"https:\/\/pizzeriamargarita.pl\/mikolajki\/wp-json\/wp\/v2\/media?parent=25"}],"curies":[{"name":"wp","href":"https:\/\/api.w.org\/{rel}","templated":true}]}}