{"id":10,"date":"2021-05-24T08:05:07","date_gmt":"2021-05-24T06:05:07","guid":{"rendered":"https:\/\/pizzeriamargarita.pl\/new\/mikolajki\/?page_id=10"},"modified":"2025-04-30T20:42:47","modified_gmt":"2025-04-30T18:42:47","slug":"menu","status":"publish","type":"page","link":"https:\/\/pizzeriamargarita.pl\/mikolajki\/menu\/","title":{"rendered":"MENU"},"content":{"rendered":"<p><img loading=\"lazy\" decoding=\"async\" class=\"aligncenter wp-image-62\" src=\"https:\/\/pizzeriamargarita.pl\/mikolajki\/wp-content\/uploads\/2021\/05\/Logo-pizzeria-mikolajki-300x69.png\" alt=\"\" width=\"450\" height=\"104\" srcset=\"https:\/\/pizzeriamargarita.pl\/mikolajki\/wp-content\/uploads\/2021\/05\/Logo-pizzeria-mikolajki-300x69.png 300w, https:\/\/pizzeriamargarita.pl\/mikolajki\/wp-content\/uploads\/2021\/05\/Logo-pizzeria-mikolajki-1024x236.png 1024w, https:\/\/pizzeriamargarita.pl\/mikolajki\/wp-content\/uploads\/2021\/05\/Logo-pizzeria-mikolajki-768x177.png 768w, https:\/\/pizzeriamargarita.pl\/mikolajki\/wp-content\/uploads\/2021\/05\/Logo-pizzeria-mikolajki-1536x355.png 1536w, https:\/\/pizzeriamargarita.pl\/mikolajki\/wp-content\/uploads\/2021\/05\/Logo-pizzeria-mikolajki-2048x473.png 2048w\" sizes=\"auto, (max-width: 450px) 100vw, 450px\" \/><\/p>\n<p style=\"text-align: center;\"><span style=\"font-family: tahoma, arial, helvetica, sans-serif;\"><em>Kliknij w zdj\u0119cie w celu powi\u0119kszenia<\/em><\/span><\/p>\n<div id='gallery-1' class='czr-gallery row flex-row czr-gallery-style gallery galleryid-10 gallery-columns-2 gallery-size-medium'><figure class='gallery-item col col-auto'>\r\n                        <div class='gallery-icon portrait czr-gallery-icon'>\r\n                              <a data-lb-type=\"grouped-gallery\" href=https:\/\/pizzeriamargarita.pl\/mikolajki\/wp-content\/uploads\/2025\/04\/Mapa-bitowa-w-Menu-Mikolajki-04-2025-pl-scaled.jpg class=\"bg-link\"><\/a><img loading=\"lazy\" decoding=\"async\" width=\"228\" height=\"300\" src=\"https:\/\/pizzeriamargarita.pl\/mikolajki\/wp-content\/uploads\/2025\/04\/Mapa-bitowa-w-Menu-Mikolajki-04-2025-pl-228x300.jpg\" class=\"attachment-medium size-medium\" alt=\"\" sizes=\"auto, (min-width: 1200px) 540px, (min-width: 992px) 450px, (min-width: 768px) 330px, (min-width: 576px) 240px, calc( 50vw - 30px )\" srcset=\"https:\/\/pizzeriamargarita.pl\/mikolajki\/wp-content\/uploads\/2025\/04\/Mapa-bitowa-w-Menu-Mikolajki-04-2025-pl-228x300.jpg 228w, https:\/\/pizzeriamargarita.pl\/mikolajki\/wp-content\/uploads\/2025\/04\/Mapa-bitowa-w-Menu-Mikolajki-04-2025-pl-779x1024.jpg 779w, https:\/\/pizzeriamargarita.pl\/mikolajki\/wp-content\/uploads\/2025\/04\/Mapa-bitowa-w-Menu-Mikolajki-04-2025-pl-768x1009.jpg 768w, https:\/\/pizzeriamargarita.pl\/mikolajki\/wp-content\/uploads\/2025\/04\/Mapa-bitowa-w-Menu-Mikolajki-04-2025-pl-1169x1536.jpg 1169w, https:\/\/pizzeriamargarita.pl\/mikolajki\/wp-content\/uploads\/2025\/04\/Mapa-bitowa-w-Menu-Mikolajki-04-2025-pl-1559x2048.jpg 1559w, https:\/\/pizzeriamargarita.pl\/mikolajki\/wp-content\/uploads\/2025\/04\/Mapa-bitowa-w-Menu-Mikolajki-04-2025-pl-scaled.jpg 1948w\" \/>\r\n                        <\/div><\/figure><figure class='gallery-item col col-auto'>\r\n                        <div class='gallery-icon portrait czr-gallery-icon'>\r\n                              <a data-lb-type=\"grouped-gallery\" href=https:\/\/pizzeriamargarita.pl\/mikolajki\/wp-content\/uploads\/2025\/04\/Mapa-bitowa-w-Menu-Mikolajki-04-2025-pl-2-scaled.jpg class=\"bg-link\"><\/a><img loading=\"lazy\" decoding=\"async\" width=\"219\" height=\"300\" src=\"https:\/\/pizzeriamargarita.pl\/mikolajki\/wp-content\/uploads\/2025\/04\/Mapa-bitowa-w-Menu-Mikolajki-04-2025-pl-2-219x300.jpg\" class=\"attachment-medium size-medium\" alt=\"\" sizes=\"auto, (min-width: 1200px) 540px, (min-width: 992px) 450px, (min-width: 768px) 330px, (min-width: 576px) 240px, calc( 50vw - 30px )\" srcset=\"https:\/\/pizzeriamargarita.pl\/mikolajki\/wp-content\/uploads\/2025\/04\/Mapa-bitowa-w-Menu-Mikolajki-04-2025-pl-2-219x300.jpg 219w, https:\/\/pizzeriamargarita.pl\/mikolajki\/wp-content\/uploads\/2025\/04\/Mapa-bitowa-w-Menu-Mikolajki-04-2025-pl-2-748x1024.jpg 748w, https:\/\/pizzeriamargarita.pl\/mikolajki\/wp-content\/uploads\/2025\/04\/Mapa-bitowa-w-Menu-Mikolajki-04-2025-pl-2-768x1052.jpg 768w, https:\/\/pizzeriamargarita.pl\/mikolajki\/wp-content\/uploads\/2025\/04\/Mapa-bitowa-w-Menu-Mikolajki-04-2025-pl-2-1121x1536.jpg 1121w, https:\/\/pizzeriamargarita.pl\/mikolajki\/wp-content\/uploads\/2025\/04\/Mapa-bitowa-w-Menu-Mikolajki-04-2025-pl-2-1495x2048.jpg 1495w, https:\/\/pizzeriamargarita.pl\/mikolajki\/wp-content\/uploads\/2025\/04\/Mapa-bitowa-w-Menu-Mikolajki-04-2025-pl-2-scaled.jpg 1869w\" \/>\r\n                        <\/div><\/figure>\r\n                  <\/div>\n\n<p><img loading=\"lazy\" decoding=\"async\" class=\"aligncenter wp-image-106 size-large\" src=\"https:\/\/pizzeriamargarita.pl\/mikolajki\/wp-content\/uploads\/2023\/04\/promocja_pepsi_01042023-1024x512.jpg\" alt=\"\" width=\"1024\" height=\"512\" srcset=\"https:\/\/pizzeriamargarita.pl\/mikolajki\/wp-content\/uploads\/2023\/04\/promocja_pepsi_01042023-1024x512.jpg 1024w, https:\/\/pizzeriamargarita.pl\/mikolajki\/wp-content\/uploads\/2023\/04\/promocja_pepsi_01042023-300x150.jpg 300w, https:\/\/pizzeriamargarita.pl\/mikolajki\/wp-content\/uploads\/2023\/04\/promocja_pepsi_01042023-768x384.jpg 768w, https:\/\/pizzeriamargarita.pl\/mikolajki\/wp-content\/uploads\/2023\/04\/promocja_pepsi_01042023-1536x768.jpg 1536w, https:\/\/pizzeriamargarita.pl\/mikolajki\/wp-content\/uploads\/2023\/04\/promocja_pepsi_01042023-2048x1024.jpg 2048w\" sizes=\"auto, (max-width: 1024px) 100vw, 1024px\" \/><\/p>\n","protected":false},"excerpt":{"rendered":"<p>Kliknij w zdj\u0119cie w celu powi\u0119kszenia<\/p>\n","protected":false},"author":1,"featured_media":0,"parent":0,"menu_order":0,"comment_status":"closed","ping_status":"closed","template":"","meta":{"pgc_sgb_lightbox_settings":"","footnotes":""},"class_list":["post-10","page","type-page","status-publish","czr-hentry"],"yoast_head":"<!-- This site is optimized with the Yoast SEO plugin v25.0 - https:\/\/yoast.com\/wordpress\/plugins\/seo\/ -->\n<title>MENU - Pizzeria Margarita Miko\u0142ajki<\/title>\n<meta name=\"robots\" content=\"index, follow, max-snippet:-1, max-image-preview:large, max-video-preview:-1\" \/>\n<link rel=\"canonical\" href=\"https:\/\/pizzeriamargarita.pl\/mikolajki\/menu\/\" \/>\n<meta property=\"og:locale\" content=\"pl_PL\" \/>\n<meta property=\"og:type\" content=\"article\" \/>\n<meta property=\"og:title\" content=\"MENU - Pizzeria Margarita Miko\u0142ajki\" \/>\n<meta property=\"og:description\" content=\"Kliknij w zdj\u0119cie w celu powi\u0119kszenia\" \/>\n<meta property=\"og:url\" content=\"https:\/\/pizzeriamargarita.pl\/mikolajki\/menu\/\" \/>\n<meta property=\"og:site_name\" content=\"Pizzeria Margarita Miko\u0142ajki\" \/>\n<meta property=\"article:modified_time\" content=\"2025-04-30T18:42:47+00:00\" \/>\n<meta property=\"og:image\" content=\"https:\/\/pizzeriamargarita.pl\/mikolajki\/wp-content\/uploads\/2025\/04\/Mapa-bitowa-w-Menu-Mikolajki-04-2025-pl-228x300.jpg\" \/>\n<meta name=\"twitter:card\" content=\"summary_large_image\" \/>\n<meta name=\"twitter:label1\" content=\"Szacowany czas czytania\" \/>\n\t<meta name=\"twitter:data1\" content=\"1 minuta\" \/>\n<script type=\"application\/ld+json\" class=\"yoast-schema-graph\">{\"@context\":\"https:\/\/schema.org\",\"@graph\":[{\"@type\":\"WebPage\",\"@id\":\"https:\/\/pizzeriamargarita.pl\/mikolajki\/menu\/\",\"url\":\"https:\/\/pizzeriamargarita.pl\/mikolajki\/menu\/\",\"name\":\"MENU - Pizzeria Margarita Miko\u0142ajki\",\"isPartOf\":{\"@id\":\"https:\/\/pizzeriamargarita.pl\/mikolajki\/#website\"},\"primaryImageOfPage\":{\"@id\":\"https:\/\/pizzeriamargarita.pl\/mikolajki\/menu\/#primaryimage\"},\"image\":{\"@id\":\"https:\/\/pizzeriamargarita.pl\/mikolajki\/menu\/#primaryimage\"},\"thumbnailUrl\":\"https:\/\/pizzeriamargarita.pl\/mikolajki\/wp-content\/uploads\/2021\/05\/Logo-pizzeria-mikolajki-300x69.png\",\"datePublished\":\"2021-05-24T06:05:07+00:00\",\"dateModified\":\"2025-04-30T18:42:47+00:00\",\"breadcrumb\":{\"@id\":\"https:\/\/pizzeriamargarita.pl\/mikolajki\/menu\/#breadcrumb\"},\"inLanguage\":\"pl-PL\",\"potentialAction\":[{\"@type\":\"ReadAction\",\"target\":[\"https:\/\/pizzeriamargarita.pl\/mikolajki\/menu\/\"]}]},{\"@type\":\"ImageObject\",\"inLanguage\":\"pl-PL\",\"@id\":\"https:\/\/pizzeriamargarita.pl\/mikolajki\/menu\/#primaryimage\",\"url\":\"https:\/\/pizzeriamargarita.pl\/mikolajki\/wp-content\/uploads\/2021\/05\/Logo-pizzeria-mikolajki.png\",\"contentUrl\":\"https:\/\/pizzeriamargarita.pl\/mikolajki\/wp-content\/uploads\/2021\/05\/Logo-pizzeria-mikolajki.png\",\"width\":2598,\"height\":600},{\"@type\":\"BreadcrumbList\",\"@id\":\"https:\/\/pizzeriamargarita.pl\/mikolajki\/menu\/#breadcrumb\",\"itemListElement\":[{\"@type\":\"ListItem\",\"position\":1,\"name\":\"Strona g\u0142\u00f3wna\",\"item\":\"https:\/\/pizzeriamargarita.pl\/mikolajki\/\"},{\"@type\":\"ListItem\",\"position\":2,\"name\":\"MENU\"}]},{\"@type\":\"WebSite\",\"@id\":\"https:\/\/pizzeriamargarita.pl\/mikolajki\/#website\",\"url\":\"https:\/\/pizzeriamargarita.pl\/mikolajki\/\",\"name\":\"Pizzeria Margarita Miko\u0142ajki\",\"description\":\"\",\"publisher\":{\"@id\":\"https:\/\/pizzeriamargarita.pl\/mikolajki\/#organization\"},\"potentialAction\":[{\"@type\":\"SearchAction\",\"target\":{\"@type\":\"EntryPoint\",\"urlTemplate\":\"https:\/\/pizzeriamargarita.pl\/mikolajki\/?s={search_term_string}\"},\"query-input\":{\"@type\":\"PropertyValueSpecification\",\"valueRequired\":true,\"valueName\":\"search_term_string\"}}],\"inLanguage\":\"pl-PL\"},{\"@type\":\"Organization\",\"@id\":\"https:\/\/pizzeriamargarita.pl\/mikolajki\/#organization\",\"name\":\"Pizzeria Margarita Miko\u0142ajki\",\"url\":\"https:\/\/pizzeriamargarita.pl\/mikolajki\/\",\"logo\":{\"@type\":\"ImageObject\",\"inLanguage\":\"pl-PL\",\"@id\":\"https:\/\/pizzeriamargarita.pl\/mikolajki\/#\/schema\/logo\/image\/\",\"url\":\"https:\/\/pizzeriamargarita.pl\/mikolajki\/wp-content\/uploads\/2021\/05\/cropped-Logo-pizzeria-czerwone-250x100-1.png\",\"contentUrl\":\"https:\/\/pizzeriamargarita.pl\/mikolajki\/wp-content\/uploads\/2021\/05\/cropped-Logo-pizzeria-czerwone-250x100-1.png\",\"width\":250,\"height\":100,\"caption\":\"Pizzeria Margarita Miko\u0142ajki\"},\"image\":{\"@id\":\"https:\/\/pizzeriamargarita.pl\/mikolajki\/#\/schema\/logo\/image\/\"}}]}<\/script>\n<!-- \/ Yoast SEO plugin. -->","yoast_head_json":{"title":"MENU - Pizzeria Margarita Miko\u0142ajki","robots":{"index":"index","follow":"follow","max-snippet":"max-snippet:-1","max-image-preview":"max-image-preview:large","max-video-preview":"max-video-preview:-1"},"canonical":"https:\/\/pizzeriamargarita.pl\/mikolajki\/menu\/","og_locale":"pl_PL","og_type":"article","og_title":"MENU - Pizzeria Margarita Miko\u0142ajki","og_description":"Kliknij w zdj\u0119cie w celu powi\u0119kszenia","og_url":"https:\/\/pizzeriamargarita.pl\/mikolajki\/menu\/","og_site_name":"Pizzeria Margarita Miko\u0142ajki","article_modified_time":"2025-04-30T18:42:47+00:00","og_image":[{"url":"https:\/\/pizzeriamargarita.pl\/mikolajki\/wp-content\/uploads\/2025\/04\/Mapa-bitowa-w-Menu-Mikolajki-04-2025-pl-228x300.jpg","type":"","width":"","height":""}],"twitter_card":"summary_large_image","twitter_misc":{"Szacowany czas czytania":"1 minuta"},"schema":{"@context":"https:\/\/schema.org","@graph":[{"@type":"WebPage","@id":"https:\/\/pizzeriamargarita.pl\/mikolajki\/menu\/","url":"https:\/\/pizzeriamargarita.pl\/mikolajki\/menu\/","name":"MENU - Pizzeria Margarita Miko\u0142ajki","isPartOf":{"@id":"https:\/\/pizzeriamargarita.pl\/mikolajki\/#website"},"primaryImageOfPage":{"@id":"https:\/\/pizzeriamargarita.pl\/mikolajki\/menu\/#primaryimage"},"image":{"@id":"https:\/\/pizzeriamargarita.pl\/mikolajki\/menu\/#primaryimage"},"thumbnailUrl":"https:\/\/pizzeriamargarita.pl\/mikolajki\/wp-content\/uploads\/2021\/05\/Logo-pizzeria-mikolajki-300x69.png","datePublished":"2021-05-24T06:05:07+00:00","dateModified":"2025-04-30T18:42:47+00:00","breadcrumb":{"@id":"https:\/\/pizzeriamargarita.pl\/mikolajki\/menu\/#breadcrumb"},"inLanguage":"pl-PL","potentialAction":[{"@type":"ReadAction","target":["https:\/\/pizzeriamargarita.pl\/mikolajki\/menu\/"]}]},{"@type":"ImageObject","inLanguage":"pl-PL","@id":"https:\/\/pizzeriamargarita.pl\/mikolajki\/menu\/#primaryimage","url":"https:\/\/pizzeriamargarita.pl\/mikolajki\/wp-content\/uploads\/2021\/05\/Logo-pizzeria-mikolajki.png","contentUrl":"https:\/\/pizzeriamargarita.pl\/mikolajki\/wp-content\/uploads\/2021\/05\/Logo-pizzeria-mikolajki.png","width":2598,"height":600},{"@type":"BreadcrumbList","@id":"https:\/\/pizzeriamargarita.pl\/mikolajki\/menu\/#breadcrumb","itemListElement":[{"@type":"ListItem","position":1,"name":"Strona g\u0142\u00f3wna","item":"https:\/\/pizzeriamargarita.pl\/mikolajki\/"},{"@type":"ListItem","position":2,"name":"MENU"}]},{"@type":"WebSite","@id":"https:\/\/pizzeriamargarita.pl\/mikolajki\/#website","url":"https:\/\/pizzeriamargarita.pl\/mikolajki\/","name":"Pizzeria Margarita Miko\u0142ajki","description":"","publisher":{"@id":"https:\/\/pizzeriamargarita.pl\/mikolajki\/#organization"},"potentialAction":[{"@type":"SearchAction","target":{"@type":"EntryPoint","urlTemplate":"https:\/\/pizzeriamargarita.pl\/mikolajki\/?s={search_term_string}"},"query-input":{"@type":"PropertyValueSpecification","valueRequired":true,"valueName":"search_term_string"}}],"inLanguage":"pl-PL"},{"@type":"Organization","@id":"https:\/\/pizzeriamargarita.pl\/mikolajki\/#organization","name":"Pizzeria Margarita Miko\u0142ajki","url":"https:\/\/pizzeriamargarita.pl\/mikolajki\/","logo":{"@type":"ImageObject","inLanguage":"pl-PL","@id":"https:\/\/pizzeriamargarita.pl\/mikolajki\/#\/schema\/logo\/image\/","url":"https:\/\/pizzeriamargarita.pl\/mikolajki\/wp-content\/uploads\/2021\/05\/cropped-Logo-pizzeria-czerwone-250x100-1.png","contentUrl":"https:\/\/pizzeriamargarita.pl\/mikolajki\/wp-content\/uploads\/2021\/05\/cropped-Logo-pizzeria-czerwone-250x100-1.png","width":250,"height":100,"caption":"Pizzeria Margarita Miko\u0142ajki"},"image":{"@id":"https:\/\/pizzeriamargarita.pl\/mikolajki\/#\/schema\/logo\/image\/"}}]}},"_links":{"self":[{"href":"https:\/\/pizzeriamargarita.pl\/mikolajki\/wp-json\/wp\/v2\/pages\/10","targetHints":{"allow":["GET"]}}],"collection":[{"href":"https:\/\/pizzeriamargarita.pl\/mikolajki\/wp-json\/wp\/v2\/pages"}],"about":[{"href":"https:\/\/pizzeriamargarita.pl\/mikolajki\/wp-json\/wp\/v2\/types\/page"}],"author":[{"embeddable":true,"href":"https:\/\/pizzeriamargarita.pl\/mikolajki\/wp-json\/wp\/v2\/users\/1"}],"replies":[{"embeddable":true,"href":"https:\/\/pizzeriamargarita.pl\/mikolajki\/wp-json\/wp\/v2\/comments?post=10"}],"version-history":[{"count":11,"href":"https:\/\/pizzeriamargarita.pl\/mikolajki\/wp-json\/wp\/v2\/pages\/10\/revisions"}],"predecessor-version":[{"id":117,"href":"https:\/\/pizzeriamargarita.pl\/mikolajki\/wp-json\/wp\/v2\/pages\/10\/revisions\/117"}],"wp:attachment":[{"href":"https:\/\/pizzeriamargarita.pl\/mikolajki\/wp-json\/wp\/v2\/media?parent=10"}],"curies":[{"name":"wp","href":"https:\/\/api.w.org\/{rel}","templated":true}]}}