{"id":8,"date":"2021-05-23T09:00:12","date_gmt":"2021-05-23T07:00:12","guid":{"rendered":"https:\/\/pizzeriamargarita.pl\/new\/ketrzyn\/?page_id=8"},"modified":"2021-05-23T10:25:16","modified_gmt":"2021-05-23T08:25:16","slug":"o-nas","status":"publish","type":"page","link":"https:\/\/pizzeriamargarita.pl\/ketrzyn\/","title":{"rendered":"O NAS"},"content":{"rendered":"<h1 style=\"text-align: center;\">Pizzeria Margarita K\u0119trzyn<\/h1>\n<p style=\"text-align: justify;\"><span style=\"font-family: tahoma, arial, helvetica, sans-serif;\">Tradycja kuchni w\u0142oskiej zakorzeniona jest w czasach antycznych. W\u0142osi stworzyli kuchni\u0119 bardzo oszcz\u0119dn\u0105, prost\u0105, a jednocze\u015bnie pe\u0142n\u0105 wdzi\u0119ku i polotu. Nieod\u0142\u0105czn\u0105 cz\u0119\u015bci\u0105 w\u0142oskich potraw s\u0105 sery: mozzarella, gorgonzola, ricotta, parmezan i inne, kt\u00f3rymi szczyc\u0105 si\u0119 poszczeg\u00f3lne regiony Italii.<\/span><br \/>\n<span style=\"font-family: tahoma, arial, helvetica, sans-serif;\">Tak\u0105 w\u0142a\u015bnie kuchni\u0119 oferujemy Pa\u0144stwu w Pizzerii Margarita w Ketrzynie.<\/span><br \/>\n<span style=\"font-family: tahoma, arial, helvetica, sans-serif;\">Serwowane u nas prawdziwe w\u0142oskie pizze, lasagne i spaghetti, rozpalaj\u0105 zmys\u0142y i zach\u0119caj\u0105 do podro\u017cy po raju kulinarnych rozkoszy. Doskona\u0142\u0105 opraw\u0105 dla tak przygotowanych posi\u0142k\u00f3w jest niew\u0105tpliwie\u00a0 atmosfera naszej Pizzerii po\u0142o\u017conej w centrum miasta.<\/span><\/p>\n<p style=\"text-align: justify;\"><span style=\"font-family: tahoma, arial, helvetica, sans-serif;\">Pizzeria Margarita w K\u0119trzynie istnieje od 1999 roku i dzia\u0142a nieprzerwanie do dzi\u015b. Jeste\u015bmy ju\u017c tradycj\u0105, a naszym celem jest dostarczanie wyj\u0105tkowych dozna\u0144 kulinarnych.<\/span><\/p>\n","protected":false},"excerpt":{"rendered":"<p>Pizzeria Margarita K\u0119trzyn Tradycja kuchni w\u0142oskiej zakorzeniona jest w czasach antycznych. W\u0142osi stworzyli kuchni\u0119 bardzo oszcz\u0119dn\u0105, prost\u0105, a jednocze\u015bnie pe\u0142n\u0105 wdzi\u0119ku i polotu. Nieod\u0142\u0105czn\u0105 cz\u0119\u015bci\u0105 w\u0142oskich potraw s\u0105 sery: mozzarella, gorgonzola, ricotta, parmezan i inne, kt\u00f3rymi szczyc\u0105 si\u0119 poszczeg\u00f3lne regiony Italii. Tak\u0105 w\u0142a\u015bnie kuchni\u0119 oferujemy Pa\u0144stwu w Pizzerii Margarita w Ketrzynie. Serwowane u nas prawdziwe [&hellip;]<\/p>\n","protected":false},"author":1,"featured_media":0,"parent":0,"menu_order":0,"comment_status":"closed","ping_status":"closed","template":"","meta":{"pgc_sgb_lightbox_settings":"","footnotes":""},"class_list":["post-8","page","type-page","status-publish","czr-hentry"],"yoast_head":"<!-- This site is optimized with the Yoast SEO plugin v26.7 - https:\/\/yoast.com\/wordpress\/plugins\/seo\/ -->\n<title>O NAS - Pizzeria Margarita K\u0119trzyn<\/title>\n<meta name=\"robots\" content=\"index, follow, max-snippet:-1, max-image-preview:large, max-video-preview:-1\" \/>\n<link rel=\"canonical\" href=\"https:\/\/pizzeriamargarita.pl\/ketrzyn\/\" \/>\n<meta property=\"og:locale\" content=\"pl_PL\" \/>\n<meta property=\"og:type\" content=\"article\" \/>\n<meta property=\"og:title\" content=\"O NAS - Pizzeria Margarita K\u0119trzyn\" \/>\n<meta property=\"og:description\" content=\"Pizzeria Margarita K\u0119trzyn Tradycja kuchni w\u0142oskiej zakorzeniona jest w czasach antycznych. W\u0142osi stworzyli kuchni\u0119 bardzo oszcz\u0119dn\u0105, prost\u0105, a jednocze\u015bnie pe\u0142n\u0105 wdzi\u0119ku i polotu. Nieod\u0142\u0105czn\u0105 cz\u0119\u015bci\u0105 w\u0142oskich potraw s\u0105 sery: mozzarella, gorgonzola, ricotta, parmezan i inne, kt\u00f3rymi szczyc\u0105 si\u0119 poszczeg\u00f3lne regiony Italii. Tak\u0105 w\u0142a\u015bnie kuchni\u0119 oferujemy Pa\u0144stwu w Pizzerii Margarita w Ketrzynie. Serwowane u nas prawdziwe [&hellip;]\" \/>\n<meta property=\"og:url\" content=\"https:\/\/pizzeriamargarita.pl\/ketrzyn\/\" \/>\n<meta property=\"og:site_name\" content=\"Pizzeria Margarita K\u0119trzyn\" \/>\n<meta property=\"article:modified_time\" content=\"2021-05-23T08:25:16+00:00\" \/>\n<meta name=\"twitter:card\" content=\"summary_large_image\" \/>\n<meta name=\"twitter:label1\" content=\"Szacowany czas czytania\" \/>\n\t<meta name=\"twitter:data1\" content=\"1 minuta\" \/>\n<script type=\"application\/ld+json\" class=\"yoast-schema-graph\">{\"@context\":\"https:\/\/schema.org\",\"@graph\":[{\"@type\":\"WebPage\",\"@id\":\"https:\/\/pizzeriamargarita.pl\/ketrzyn\/\",\"url\":\"https:\/\/pizzeriamargarita.pl\/ketrzyn\/\",\"name\":\"O NAS - Pizzeria Margarita K\u0119trzyn\",\"isPartOf\":{\"@id\":\"https:\/\/pizzeriamargarita.pl\/ketrzyn\/#website\"},\"datePublished\":\"2021-05-23T07:00:12+00:00\",\"dateModified\":\"2021-05-23T08:25:16+00:00\",\"breadcrumb\":{\"@id\":\"https:\/\/pizzeriamargarita.pl\/ketrzyn\/#breadcrumb\"},\"inLanguage\":\"pl-PL\",\"potentialAction\":[{\"@type\":\"ReadAction\",\"target\":[\"https:\/\/pizzeriamargarita.pl\/ketrzyn\/\"]}]},{\"@type\":\"BreadcrumbList\",\"@id\":\"https:\/\/pizzeriamargarita.pl\/ketrzyn\/#breadcrumb\",\"itemListElement\":[{\"@type\":\"ListItem\",\"position\":1,\"name\":\"Strona g\u0142\u00f3wna\",\"item\":\"https:\/\/pizzeriamargarita.pl\/ketrzyn\/\"},{\"@type\":\"ListItem\",\"position\":2,\"name\":\"O NAS\"}]},{\"@type\":\"WebSite\",\"@id\":\"https:\/\/pizzeriamargarita.pl\/ketrzyn\/#website\",\"url\":\"https:\/\/pizzeriamargarita.pl\/ketrzyn\/\",\"name\":\"Pizzeria Margarita K\u0119trzyn\",\"description\":\"\",\"publisher\":{\"@id\":\"https:\/\/pizzeriamargarita.pl\/ketrzyn\/#organization\"},\"potentialAction\":[{\"@type\":\"SearchAction\",\"target\":{\"@type\":\"EntryPoint\",\"urlTemplate\":\"https:\/\/pizzeriamargarita.pl\/ketrzyn\/?s={search_term_string}\"},\"query-input\":{\"@type\":\"PropertyValueSpecification\",\"valueRequired\":true,\"valueName\":\"search_term_string\"}}],\"inLanguage\":\"pl-PL\"},{\"@type\":\"Organization\",\"@id\":\"https:\/\/pizzeriamargarita.pl\/ketrzyn\/#organization\",\"name\":\"Pizzeria Margarita K\u0119trzyn\",\"url\":\"https:\/\/pizzeriamargarita.pl\/ketrzyn\/\",\"logo\":{\"@type\":\"ImageObject\",\"inLanguage\":\"pl-PL\",\"@id\":\"https:\/\/pizzeriamargarita.pl\/ketrzyn\/#\/schema\/logo\/image\/\",\"url\":\"https:\/\/pizzeriamargarita.pl\/ketrzyn\/wp-content\/uploads\/2021\/05\/cropped-Logo-pizzeria-czerwone-250x100-1.png\",\"contentUrl\":\"https:\/\/pizzeriamargarita.pl\/ketrzyn\/wp-content\/uploads\/2021\/05\/cropped-Logo-pizzeria-czerwone-250x100-1.png\",\"width\":250,\"height\":100,\"caption\":\"Pizzeria Margarita K\u0119trzyn\"},\"image\":{\"@id\":\"https:\/\/pizzeriamargarita.pl\/ketrzyn\/#\/schema\/logo\/image\/\"}}]}<\/script>\n<!-- \/ Yoast SEO plugin. -->","yoast_head_json":{"title":"O NAS - Pizzeria Margarita K\u0119trzyn","robots":{"index":"index","follow":"follow","max-snippet":"max-snippet:-1","max-image-preview":"max-image-preview:large","max-video-preview":"max-video-preview:-1"},"canonical":"https:\/\/pizzeriamargarita.pl\/ketrzyn\/","og_locale":"pl_PL","og_type":"article","og_title":"O NAS - Pizzeria Margarita K\u0119trzyn","og_description":"Pizzeria Margarita K\u0119trzyn Tradycja kuchni w\u0142oskiej zakorzeniona jest w czasach antycznych. W\u0142osi stworzyli kuchni\u0119 bardzo oszcz\u0119dn\u0105, prost\u0105, a jednocze\u015bnie pe\u0142n\u0105 wdzi\u0119ku i polotu. Nieod\u0142\u0105czn\u0105 cz\u0119\u015bci\u0105 w\u0142oskich potraw s\u0105 sery: mozzarella, gorgonzola, ricotta, parmezan i inne, kt\u00f3rymi szczyc\u0105 si\u0119 poszczeg\u00f3lne regiony Italii. Tak\u0105 w\u0142a\u015bnie kuchni\u0119 oferujemy Pa\u0144stwu w Pizzerii Margarita w Ketrzynie. Serwowane u nas prawdziwe [&hellip;]","og_url":"https:\/\/pizzeriamargarita.pl\/ketrzyn\/","og_site_name":"Pizzeria Margarita K\u0119trzyn","article_modified_time":"2021-05-23T08:25:16+00:00","twitter_card":"summary_large_image","twitter_misc":{"Szacowany czas czytania":"1 minuta"},"schema":{"@context":"https:\/\/schema.org","@graph":[{"@type":"WebPage","@id":"https:\/\/pizzeriamargarita.pl\/ketrzyn\/","url":"https:\/\/pizzeriamargarita.pl\/ketrzyn\/","name":"O NAS - Pizzeria Margarita K\u0119trzyn","isPartOf":{"@id":"https:\/\/pizzeriamargarita.pl\/ketrzyn\/#website"},"datePublished":"2021-05-23T07:00:12+00:00","dateModified":"2021-05-23T08:25:16+00:00","breadcrumb":{"@id":"https:\/\/pizzeriamargarita.pl\/ketrzyn\/#breadcrumb"},"inLanguage":"pl-PL","potentialAction":[{"@type":"ReadAction","target":["https:\/\/pizzeriamargarita.pl\/ketrzyn\/"]}]},{"@type":"BreadcrumbList","@id":"https:\/\/pizzeriamargarita.pl\/ketrzyn\/#breadcrumb","itemListElement":[{"@type":"ListItem","position":1,"name":"Strona g\u0142\u00f3wna","item":"https:\/\/pizzeriamargarita.pl\/ketrzyn\/"},{"@type":"ListItem","position":2,"name":"O NAS"}]},{"@type":"WebSite","@id":"https:\/\/pizzeriamargarita.pl\/ketrzyn\/#website","url":"https:\/\/pizzeriamargarita.pl\/ketrzyn\/","name":"Pizzeria Margarita K\u0119trzyn","description":"","publisher":{"@id":"https:\/\/pizzeriamargarita.pl\/ketrzyn\/#organization"},"potentialAction":[{"@type":"SearchAction","target":{"@type":"EntryPoint","urlTemplate":"https:\/\/pizzeriamargarita.pl\/ketrzyn\/?s={search_term_string}"},"query-input":{"@type":"PropertyValueSpecification","valueRequired":true,"valueName":"search_term_string"}}],"inLanguage":"pl-PL"},{"@type":"Organization","@id":"https:\/\/pizzeriamargarita.pl\/ketrzyn\/#organization","name":"Pizzeria Margarita K\u0119trzyn","url":"https:\/\/pizzeriamargarita.pl\/ketrzyn\/","logo":{"@type":"ImageObject","inLanguage":"pl-PL","@id":"https:\/\/pizzeriamargarita.pl\/ketrzyn\/#\/schema\/logo\/image\/","url":"https:\/\/pizzeriamargarita.pl\/ketrzyn\/wp-content\/uploads\/2021\/05\/cropped-Logo-pizzeria-czerwone-250x100-1.png","contentUrl":"https:\/\/pizzeriamargarita.pl\/ketrzyn\/wp-content\/uploads\/2021\/05\/cropped-Logo-pizzeria-czerwone-250x100-1.png","width":250,"height":100,"caption":"Pizzeria Margarita K\u0119trzyn"},"image":{"@id":"https:\/\/pizzeriamargarita.pl\/ketrzyn\/#\/schema\/logo\/image\/"}}]}},"_links":{"self":[{"href":"https:\/\/pizzeriamargarita.pl\/ketrzyn\/wp-json\/wp\/v2\/pages\/8","targetHints":{"allow":["GET"]}}],"collection":[{"href":"https:\/\/pizzeriamargarita.pl\/ketrzyn\/wp-json\/wp\/v2\/pages"}],"about":[{"href":"https:\/\/pizzeriamargarita.pl\/ketrzyn\/wp-json\/wp\/v2\/types\/page"}],"author":[{"embeddable":true,"href":"https:\/\/pizzeriamargarita.pl\/ketrzyn\/wp-json\/wp\/v2\/users\/1"}],"replies":[{"embeddable":true,"href":"https:\/\/pizzeriamargarita.pl\/ketrzyn\/wp-json\/wp\/v2\/comments?post=8"}],"version-history":[{"count":3,"href":"https:\/\/pizzeriamargarita.pl\/ketrzyn\/wp-json\/wp\/v2\/pages\/8\/revisions"}],"predecessor-version":[{"id":56,"href":"https:\/\/pizzeriamargarita.pl\/ketrzyn\/wp-json\/wp\/v2\/pages\/8\/revisions\/56"}],"wp:attachment":[{"href":"https:\/\/pizzeriamargarita.pl\/ketrzyn\/wp-json\/wp\/v2\/media?parent=8"}],"curies":[{"name":"wp","href":"https:\/\/api.w.org\/{rel}","templated":true}]}}