{"id":10,"date":"2021-05-23T09:00:19","date_gmt":"2021-05-23T07:00:19","guid":{"rendered":"https:\/\/pizzeriamargarita.pl\/new\/ketrzyn\/?page_id=10"},"modified":"2026-01-20T09:10:58","modified_gmt":"2026-01-20T08:10:58","slug":"menu","status":"publish","type":"page","link":"https:\/\/pizzeriamargarita.pl\/ketrzyn\/menu\/","title":{"rendered":"MENU"},"content":{"rendered":"<p style=\"text-align: center;\"><img loading=\"lazy\" decoding=\"async\" class=\"aligncenter wp-image-25\" src=\"https:\/\/pizzeriamargarita.pl\/ketrzyn\/wp-content\/uploads\/2021\/05\/Logo-pizzeria-ketrzyn-300x69.png\" alt=\"\" width=\"400\" height=\"92\" srcset=\"https:\/\/pizzeriamargarita.pl\/ketrzyn\/wp-content\/uploads\/2021\/05\/Logo-pizzeria-ketrzyn-300x69.png 300w, https:\/\/pizzeriamargarita.pl\/ketrzyn\/wp-content\/uploads\/2021\/05\/Logo-pizzeria-ketrzyn-1024x236.png 1024w, https:\/\/pizzeriamargarita.pl\/ketrzyn\/wp-content\/uploads\/2021\/05\/Logo-pizzeria-ketrzyn-768x177.png 768w, https:\/\/pizzeriamargarita.pl\/ketrzyn\/wp-content\/uploads\/2021\/05\/Logo-pizzeria-ketrzyn-1536x355.png 1536w, https:\/\/pizzeriamargarita.pl\/ketrzyn\/wp-content\/uploads\/2021\/05\/Logo-pizzeria-ketrzyn-2048x473.png 2048w\" sizes=\"auto, (max-width: 400px) 100vw, 400px\" \/><\/p>\n<p style=\"text-align: center;\"><span style=\"font-family: tahoma, arial, helvetica, sans-serif;\"><em>Kliknij w zdj\u0119cie w celu powi\u0119kszenia<\/em><\/span><\/p>\n<div id='gallery-1' class='czr-gallery row flex-row czr-gallery-style gallery galleryid-10 gallery-columns-2 gallery-size-full'><figure class='gallery-item col col-auto'>\r\n                        <div class='gallery-icon portrait czr-gallery-icon'>\r\n                              <a data-lb-type=\"grouped-gallery\" href=https:\/\/pizzeriamargarita.pl\/ketrzyn\/wp-content\/uploads\/2025\/06\/Mapa-bitowa-w-Mapa-bitowa-Menu-pizzeria-Ketrzyn-PL-10-06-25-strona-1--scaled.jpg class=\"bg-link\"><\/a><img loading=\"lazy\" decoding=\"async\" width=\"1646\" height=\"2560\" src=\"https:\/\/pizzeriamargarita.pl\/ketrzyn\/wp-content\/uploads\/2025\/06\/Mapa-bitowa-w-Mapa-bitowa-Menu-pizzeria-Ketrzyn-PL-10-06-25-strona-1--scaled.jpg\" class=\"attachment-full size-full\" alt=\"\" sizes=\"auto, (min-width: 1200px) 540px, (min-width: 992px) 450px, (min-width: 768px) 330px, (min-width: 576px) 240px, calc( 50vw - 30px )\" srcset=\"https:\/\/pizzeriamargarita.pl\/ketrzyn\/wp-content\/uploads\/2025\/06\/Mapa-bitowa-w-Mapa-bitowa-Menu-pizzeria-Ketrzyn-PL-10-06-25-strona-1--scaled.jpg 1646w, https:\/\/pizzeriamargarita.pl\/ketrzyn\/wp-content\/uploads\/2025\/06\/Mapa-bitowa-w-Mapa-bitowa-Menu-pizzeria-Ketrzyn-PL-10-06-25-strona-1--193x300.jpg 193w, https:\/\/pizzeriamargarita.pl\/ketrzyn\/wp-content\/uploads\/2025\/06\/Mapa-bitowa-w-Mapa-bitowa-Menu-pizzeria-Ketrzyn-PL-10-06-25-strona-1--659x1024.jpg 659w, https:\/\/pizzeriamargarita.pl\/ketrzyn\/wp-content\/uploads\/2025\/06\/Mapa-bitowa-w-Mapa-bitowa-Menu-pizzeria-Ketrzyn-PL-10-06-25-strona-1--768x1194.jpg 768w, https:\/\/pizzeriamargarita.pl\/ketrzyn\/wp-content\/uploads\/2025\/06\/Mapa-bitowa-w-Mapa-bitowa-Menu-pizzeria-Ketrzyn-PL-10-06-25-strona-1--988x1536.jpg 988w, https:\/\/pizzeriamargarita.pl\/ketrzyn\/wp-content\/uploads\/2025\/06\/Mapa-bitowa-w-Mapa-bitowa-Menu-pizzeria-Ketrzyn-PL-10-06-25-strona-1--1317x2048.jpg 1317w\" \/>\r\n                        <\/div><\/figure><figure class='gallery-item col col-auto'>\r\n                        <div class='gallery-icon portrait czr-gallery-icon'>\r\n                              <a data-lb-type=\"grouped-gallery\" href=https:\/\/pizzeriamargarita.pl\/ketrzyn\/wp-content\/uploads\/2026\/01\/Mapa-bitowa-w-Menu-pizzeria-Ketrzyn-PL-12-01-26-mapa-bitowa-scaled.jpg class=\"bg-link\"><\/a><img loading=\"lazy\" decoding=\"async\" width=\"1714\" height=\"2560\" src=\"https:\/\/pizzeriamargarita.pl\/ketrzyn\/wp-content\/uploads\/2026\/01\/Mapa-bitowa-w-Menu-pizzeria-Ketrzyn-PL-12-01-26-mapa-bitowa-scaled.jpg\" class=\"attachment-full size-full\" alt=\"\" sizes=\"auto, (min-width: 1200px) 540px, (min-width: 992px) 450px, (min-width: 768px) 330px, (min-width: 576px) 240px, calc( 50vw - 30px )\" srcset=\"https:\/\/pizzeriamargarita.pl\/ketrzyn\/wp-content\/uploads\/2026\/01\/Mapa-bitowa-w-Menu-pizzeria-Ketrzyn-PL-12-01-26-mapa-bitowa-scaled.jpg 1714w, https:\/\/pizzeriamargarita.pl\/ketrzyn\/wp-content\/uploads\/2026\/01\/Mapa-bitowa-w-Menu-pizzeria-Ketrzyn-PL-12-01-26-mapa-bitowa-201x300.jpg 201w, https:\/\/pizzeriamargarita.pl\/ketrzyn\/wp-content\/uploads\/2026\/01\/Mapa-bitowa-w-Menu-pizzeria-Ketrzyn-PL-12-01-26-mapa-bitowa-685x1024.jpg 685w, https:\/\/pizzeriamargarita.pl\/ketrzyn\/wp-content\/uploads\/2026\/01\/Mapa-bitowa-w-Menu-pizzeria-Ketrzyn-PL-12-01-26-mapa-bitowa-768x1147.jpg 768w, https:\/\/pizzeriamargarita.pl\/ketrzyn\/wp-content\/uploads\/2026\/01\/Mapa-bitowa-w-Menu-pizzeria-Ketrzyn-PL-12-01-26-mapa-bitowa-1028x1536.jpg 1028w, https:\/\/pizzeriamargarita.pl\/ketrzyn\/wp-content\/uploads\/2026\/01\/Mapa-bitowa-w-Menu-pizzeria-Ketrzyn-PL-12-01-26-mapa-bitowa-1371x2048.jpg 1371w\" \/>\r\n                        <\/div><\/figure>\r\n                  <\/div>\n\n<h1><img loading=\"lazy\" decoding=\"async\" class=\"aligncenter wp-image-147 size-large\" src=\"https:\/\/pizzeriamargarita.pl\/ketrzyn\/wp-content\/uploads\/2023\/03\/promocja_pepsi_01042023-1024x512.jpg\" alt=\"\" width=\"1024\" height=\"512\" srcset=\"https:\/\/pizzeriamargarita.pl\/ketrzyn\/wp-content\/uploads\/2023\/03\/promocja_pepsi_01042023-1024x512.jpg 1024w, https:\/\/pizzeriamargarita.pl\/ketrzyn\/wp-content\/uploads\/2023\/03\/promocja_pepsi_01042023-300x150.jpg 300w, https:\/\/pizzeriamargarita.pl\/ketrzyn\/wp-content\/uploads\/2023\/03\/promocja_pepsi_01042023-768x384.jpg 768w, https:\/\/pizzeriamargarita.pl\/ketrzyn\/wp-content\/uploads\/2023\/03\/promocja_pepsi_01042023-1536x768.jpg 1536w, https:\/\/pizzeriamargarita.pl\/ketrzyn\/wp-content\/uploads\/2023\/03\/promocja_pepsi_01042023-2048x1024.jpg 2048w\" sizes=\"auto, (max-width: 1024px) 100vw, 1024px\" \/><\/h1>\n<h1 style=\"text-align: center;\"><strong>Zadzwo\u0144 i zam\u00f3w !!!<\/strong><\/h1>\n<h2 style=\"text-align: center;\"><strong>+48 89 751 40 20<\/strong><\/h2>\n<p style=\"text-align: center;\"><strong><span style=\"font-family: tahoma, arial, helvetica, sans-serif; font-size: 14pt;\">Przy zam\u00f3wieniu powy\u017cej 30z\u0142 &#8211; <span style=\"color: #ff0000;\">Dostawa GRATIS !!!<\/span><\/span><\/strong><\/p>\n","protected":false},"excerpt":{"rendered":"<p>Kliknij w zdj\u0119cie w celu powi\u0119kszenia Zadzwo\u0144 i zam\u00f3w !!! +48 89 751 40 20 Przy zam\u00f3wieniu powy\u017cej 30z\u0142 &#8211; Dostawa GRATIS !!!<\/p>\n","protected":false},"author":1,"featured_media":0,"parent":0,"menu_order":0,"comment_status":"closed","ping_status":"closed","template":"","meta":{"pgc_sgb_lightbox_settings":"","footnotes":""},"class_list":["post-10","page","type-page","status-publish","czr-hentry"],"yoast_head":"<!-- This site is optimized with the Yoast SEO plugin v26.7 - https:\/\/yoast.com\/wordpress\/plugins\/seo\/ -->\n<title>MENU - Pizzeria Margarita K\u0119trzyn<\/title>\n<meta name=\"robots\" content=\"index, follow, max-snippet:-1, max-image-preview:large, max-video-preview:-1\" \/>\n<link rel=\"canonical\" href=\"https:\/\/pizzeriamargarita.pl\/ketrzyn\/menu\/\" \/>\n<meta property=\"og:locale\" content=\"pl_PL\" \/>\n<meta property=\"og:type\" content=\"article\" \/>\n<meta property=\"og:title\" content=\"MENU - Pizzeria Margarita K\u0119trzyn\" \/>\n<meta property=\"og:description\" content=\"Kliknij w zdj\u0119cie w celu powi\u0119kszenia Zadzwo\u0144 i zam\u00f3w !!! +48 89 751 40 20 Przy zam\u00f3wieniu powy\u017cej 30z\u0142 &#8211; Dostawa GRATIS !!!\" \/>\n<meta property=\"og:url\" content=\"https:\/\/pizzeriamargarita.pl\/ketrzyn\/menu\/\" \/>\n<meta property=\"og:site_name\" content=\"Pizzeria Margarita K\u0119trzyn\" \/>\n<meta property=\"article:modified_time\" content=\"2026-01-20T08:10:58+00:00\" \/>\n<meta property=\"og:image\" content=\"https:\/\/pizzeriamargarita.pl\/ketrzyn\/wp-content\/uploads\/2025\/06\/Mapa-bitowa-w-Mapa-bitowa-Menu-pizzeria-Ketrzyn-PL-10-06-25-strona-1--scaled.jpg\" \/>\n<meta name=\"twitter:card\" content=\"summary_large_image\" \/>\n<meta name=\"twitter:label1\" content=\"Szacowany czas czytania\" \/>\n\t<meta name=\"twitter:data1\" content=\"1 minuta\" \/>\n<script type=\"application\/ld+json\" class=\"yoast-schema-graph\">{\"@context\":\"https:\/\/schema.org\",\"@graph\":[{\"@type\":\"WebPage\",\"@id\":\"https:\/\/pizzeriamargarita.pl\/ketrzyn\/menu\/\",\"url\":\"https:\/\/pizzeriamargarita.pl\/ketrzyn\/menu\/\",\"name\":\"MENU - Pizzeria Margarita K\u0119trzyn\",\"isPartOf\":{\"@id\":\"https:\/\/pizzeriamargarita.pl\/ketrzyn\/#website\"},\"primaryImageOfPage\":{\"@id\":\"https:\/\/pizzeriamargarita.pl\/ketrzyn\/menu\/#primaryimage\"},\"image\":{\"@id\":\"https:\/\/pizzeriamargarita.pl\/ketrzyn\/menu\/#primaryimage\"},\"thumbnailUrl\":\"https:\/\/pizzeriamargarita.pl\/ketrzyn\/wp-content\/uploads\/2021\/05\/Logo-pizzeria-ketrzyn-300x69.png\",\"datePublished\":\"2021-05-23T07:00:19+00:00\",\"dateModified\":\"2026-01-20T08:10:58+00:00\",\"breadcrumb\":{\"@id\":\"https:\/\/pizzeriamargarita.pl\/ketrzyn\/menu\/#breadcrumb\"},\"inLanguage\":\"pl-PL\",\"potentialAction\":[{\"@type\":\"ReadAction\",\"target\":[\"https:\/\/pizzeriamargarita.pl\/ketrzyn\/menu\/\"]}]},{\"@type\":\"ImageObject\",\"inLanguage\":\"pl-PL\",\"@id\":\"https:\/\/pizzeriamargarita.pl\/ketrzyn\/menu\/#primaryimage\",\"url\":\"https:\/\/pizzeriamargarita.pl\/ketrzyn\/wp-content\/uploads\/2021\/05\/Logo-pizzeria-ketrzyn.png\",\"contentUrl\":\"https:\/\/pizzeriamargarita.pl\/ketrzyn\/wp-content\/uploads\/2021\/05\/Logo-pizzeria-ketrzyn.png\",\"width\":2598,\"height\":600},{\"@type\":\"BreadcrumbList\",\"@id\":\"https:\/\/pizzeriamargarita.pl\/ketrzyn\/menu\/#breadcrumb\",\"itemListElement\":[{\"@type\":\"ListItem\",\"position\":1,\"name\":\"Strona g\u0142\u00f3wna\",\"item\":\"https:\/\/pizzeriamargarita.pl\/ketrzyn\/\"},{\"@type\":\"ListItem\",\"position\":2,\"name\":\"MENU\"}]},{\"@type\":\"WebSite\",\"@id\":\"https:\/\/pizzeriamargarita.pl\/ketrzyn\/#website\",\"url\":\"https:\/\/pizzeriamargarita.pl\/ketrzyn\/\",\"name\":\"Pizzeria Margarita K\u0119trzyn\",\"description\":\"\",\"publisher\":{\"@id\":\"https:\/\/pizzeriamargarita.pl\/ketrzyn\/#organization\"},\"potentialAction\":[{\"@type\":\"SearchAction\",\"target\":{\"@type\":\"EntryPoint\",\"urlTemplate\":\"https:\/\/pizzeriamargarita.pl\/ketrzyn\/?s={search_term_string}\"},\"query-input\":{\"@type\":\"PropertyValueSpecification\",\"valueRequired\":true,\"valueName\":\"search_term_string\"}}],\"inLanguage\":\"pl-PL\"},{\"@type\":\"Organization\",\"@id\":\"https:\/\/pizzeriamargarita.pl\/ketrzyn\/#organization\",\"name\":\"Pizzeria Margarita K\u0119trzyn\",\"url\":\"https:\/\/pizzeriamargarita.pl\/ketrzyn\/\",\"logo\":{\"@type\":\"ImageObject\",\"inLanguage\":\"pl-PL\",\"@id\":\"https:\/\/pizzeriamargarita.pl\/ketrzyn\/#\/schema\/logo\/image\/\",\"url\":\"https:\/\/pizzeriamargarita.pl\/ketrzyn\/wp-content\/uploads\/2021\/05\/cropped-Logo-pizzeria-czerwone-250x100-1.png\",\"contentUrl\":\"https:\/\/pizzeriamargarita.pl\/ketrzyn\/wp-content\/uploads\/2021\/05\/cropped-Logo-pizzeria-czerwone-250x100-1.png\",\"width\":250,\"height\":100,\"caption\":\"Pizzeria Margarita K\u0119trzyn\"},\"image\":{\"@id\":\"https:\/\/pizzeriamargarita.pl\/ketrzyn\/#\/schema\/logo\/image\/\"}}]}<\/script>\n<!-- \/ Yoast SEO plugin. -->","yoast_head_json":{"title":"MENU - Pizzeria Margarita K\u0119trzyn","robots":{"index":"index","follow":"follow","max-snippet":"max-snippet:-1","max-image-preview":"max-image-preview:large","max-video-preview":"max-video-preview:-1"},"canonical":"https:\/\/pizzeriamargarita.pl\/ketrzyn\/menu\/","og_locale":"pl_PL","og_type":"article","og_title":"MENU - Pizzeria Margarita K\u0119trzyn","og_description":"Kliknij w zdj\u0119cie w celu powi\u0119kszenia Zadzwo\u0144 i zam\u00f3w !!! +48 89 751 40 20 Przy zam\u00f3wieniu powy\u017cej 30z\u0142 &#8211; Dostawa GRATIS !!!","og_url":"https:\/\/pizzeriamargarita.pl\/ketrzyn\/menu\/","og_site_name":"Pizzeria Margarita K\u0119trzyn","article_modified_time":"2026-01-20T08:10:58+00:00","og_image":[{"url":"https:\/\/pizzeriamargarita.pl\/ketrzyn\/wp-content\/uploads\/2025\/06\/Mapa-bitowa-w-Mapa-bitowa-Menu-pizzeria-Ketrzyn-PL-10-06-25-strona-1--scaled.jpg","type":"","width":"","height":""}],"twitter_card":"summary_large_image","twitter_misc":{"Szacowany czas czytania":"1 minuta"},"schema":{"@context":"https:\/\/schema.org","@graph":[{"@type":"WebPage","@id":"https:\/\/pizzeriamargarita.pl\/ketrzyn\/menu\/","url":"https:\/\/pizzeriamargarita.pl\/ketrzyn\/menu\/","name":"MENU - Pizzeria Margarita K\u0119trzyn","isPartOf":{"@id":"https:\/\/pizzeriamargarita.pl\/ketrzyn\/#website"},"primaryImageOfPage":{"@id":"https:\/\/pizzeriamargarita.pl\/ketrzyn\/menu\/#primaryimage"},"image":{"@id":"https:\/\/pizzeriamargarita.pl\/ketrzyn\/menu\/#primaryimage"},"thumbnailUrl":"https:\/\/pizzeriamargarita.pl\/ketrzyn\/wp-content\/uploads\/2021\/05\/Logo-pizzeria-ketrzyn-300x69.png","datePublished":"2021-05-23T07:00:19+00:00","dateModified":"2026-01-20T08:10:58+00:00","breadcrumb":{"@id":"https:\/\/pizzeriamargarita.pl\/ketrzyn\/menu\/#breadcrumb"},"inLanguage":"pl-PL","potentialAction":[{"@type":"ReadAction","target":["https:\/\/pizzeriamargarita.pl\/ketrzyn\/menu\/"]}]},{"@type":"ImageObject","inLanguage":"pl-PL","@id":"https:\/\/pizzeriamargarita.pl\/ketrzyn\/menu\/#primaryimage","url":"https:\/\/pizzeriamargarita.pl\/ketrzyn\/wp-content\/uploads\/2021\/05\/Logo-pizzeria-ketrzyn.png","contentUrl":"https:\/\/pizzeriamargarita.pl\/ketrzyn\/wp-content\/uploads\/2021\/05\/Logo-pizzeria-ketrzyn.png","width":2598,"height":600},{"@type":"BreadcrumbList","@id":"https:\/\/pizzeriamargarita.pl\/ketrzyn\/menu\/#breadcrumb","itemListElement":[{"@type":"ListItem","position":1,"name":"Strona g\u0142\u00f3wna","item":"https:\/\/pizzeriamargarita.pl\/ketrzyn\/"},{"@type":"ListItem","position":2,"name":"MENU"}]},{"@type":"WebSite","@id":"https:\/\/pizzeriamargarita.pl\/ketrzyn\/#website","url":"https:\/\/pizzeriamargarita.pl\/ketrzyn\/","name":"Pizzeria Margarita K\u0119trzyn","description":"","publisher":{"@id":"https:\/\/pizzeriamargarita.pl\/ketrzyn\/#organization"},"potentialAction":[{"@type":"SearchAction","target":{"@type":"EntryPoint","urlTemplate":"https:\/\/pizzeriamargarita.pl\/ketrzyn\/?s={search_term_string}"},"query-input":{"@type":"PropertyValueSpecification","valueRequired":true,"valueName":"search_term_string"}}],"inLanguage":"pl-PL"},{"@type":"Organization","@id":"https:\/\/pizzeriamargarita.pl\/ketrzyn\/#organization","name":"Pizzeria Margarita K\u0119trzyn","url":"https:\/\/pizzeriamargarita.pl\/ketrzyn\/","logo":{"@type":"ImageObject","inLanguage":"pl-PL","@id":"https:\/\/pizzeriamargarita.pl\/ketrzyn\/#\/schema\/logo\/image\/","url":"https:\/\/pizzeriamargarita.pl\/ketrzyn\/wp-content\/uploads\/2021\/05\/cropped-Logo-pizzeria-czerwone-250x100-1.png","contentUrl":"https:\/\/pizzeriamargarita.pl\/ketrzyn\/wp-content\/uploads\/2021\/05\/cropped-Logo-pizzeria-czerwone-250x100-1.png","width":250,"height":100,"caption":"Pizzeria Margarita K\u0119trzyn"},"image":{"@id":"https:\/\/pizzeriamargarita.pl\/ketrzyn\/#\/schema\/logo\/image\/"}}]}},"_links":{"self":[{"href":"https:\/\/pizzeriamargarita.pl\/ketrzyn\/wp-json\/wp\/v2\/pages\/10","targetHints":{"allow":["GET"]}}],"collection":[{"href":"https:\/\/pizzeriamargarita.pl\/ketrzyn\/wp-json\/wp\/v2\/pages"}],"about":[{"href":"https:\/\/pizzeriamargarita.pl\/ketrzyn\/wp-json\/wp\/v2\/types\/page"}],"author":[{"embeddable":true,"href":"https:\/\/pizzeriamargarita.pl\/ketrzyn\/wp-json\/wp\/v2\/users\/1"}],"replies":[{"embeddable":true,"href":"https:\/\/pizzeriamargarita.pl\/ketrzyn\/wp-json\/wp\/v2\/comments?post=10"}],"version-history":[{"count":24,"href":"https:\/\/pizzeriamargarita.pl\/ketrzyn\/wp-json\/wp\/v2\/pages\/10\/revisions"}],"predecessor-version":[{"id":175,"href":"https:\/\/pizzeriamargarita.pl\/ketrzyn\/wp-json\/wp\/v2\/pages\/10\/revisions\/175"}],"wp:attachment":[{"href":"https:\/\/pizzeriamargarita.pl\/ketrzyn\/wp-json\/wp\/v2\/media?parent=10"}],"curies":[{"name":"wp","href":"https:\/\/api.w.org\/{rel}","templated":true}]}}